{"id":22115,"date":"2025-01-08T23:04:46","date_gmt":"2025-01-08T22:04:46","guid":{"rendered":"https:\/\/mojgruntek.hr\/pravila-o-koristenju-kolacica-2\/"},"modified":"2026-03-02T18:14:08","modified_gmt":"2026-03-02T17:14:08","slug":"politika-uporabe-piskotkov","status":"publish","type":"page","link":"https:\/\/mojgruntek.hr\/sl\/politika-uporabe-piskotkov\/","title":{"rendered":"Politika uporabe pi\u0161kotkov"},"content":{"rendered":"<div class=\"wpb-content-wrapper\"><p>[vc_row full_width=&#8221;stretch_row&#8221; animation_in_type=&#8221;transition.fadeIn&#8221; animation_in_offset=&#8221;90&#8243; animation_in_duration=&#8221;600&#8243; animation_in_delay=&#8221;0&#8243; css=&#8221;.vc_custom_1732227097438{margin-top: 80px !important;margin-right: 0px !important;margin-bottom: 0px !important;margin-left: 0px !important;padding-bottom: 60px !important;background-color: #ffffff !important;}&#8221;][vc_column css=&#8221;.vc_custom_1450339501388{padding-top: 0px !important;}&#8221;]<div class=\"title-subtile-holder\" style=\" padding-bottom:20px;\"><h2 style=\"\" class=\"section-title dark_title text-center\">Pravilnik o <strong>pi\u0161kotkih<\/strong><\/h2><div style=\"  \" class=\"section-subtitle dark_subtitle text-center\"><\/div><\/div>[vc_empty_space][vc_separator css=&#8221;&#8221;][\/vc_column][\/vc_row][vc_row][vc_column][vc_column_text css_animation=&#8221;none&#8221; css=&#8221;&#8221;]<\/p>\n<div class=\"flex max-w-full flex-col flex-grow\">\n<div class=\"min-h-8 text-message flex w-full flex-col items-end gap-2 whitespace-normal break-words [.text-message+&amp;]:mt-5\" dir=\"auto\" data-message-author-role=\"assistant\" data-message-id=\"8d34d968-9e0a-4fe8-a3ff-fc2ea22c25f1\" data-message-model-slug=\"gpt-4o\">\n<div class=\"flex w-full flex-col gap-1 empty:hidden first:pt-[3px]\">\n<div class=\"markdown prose w-full break-words dark:prose-invert dark\">\n<section class=\"elementor-section elementor-top-section elementor-element elementor-element-54d10d6b elementor-section-boxed elementor-section-height-default elementor-section-height-default sc_fly_static trx_addons_parallax_layers_inited trx_addons_parallax_blocks_inited\" data-id=\"54d10d6b\" data-element_type=\"section\" data-settings=\"{\"background_background\":\"classic\"}\">\n<div class=\"elementor-container elementor-column-gap-extended\">\n<div class=\"elementor-column elementor-col-100 elementor-top-column elementor-element elementor-element-1690bec0 sc_inner_width_none sc_content_align_inherit sc_layouts_column_icons_position_left sc_fly_static trx_addons_parallax_layers_inited trx_addons_parallax_blocks_inited\" data-id=\"1690bec0\" data-element_type=\"column\">\n<div class=\"elementor-widget-wrap elementor-element-populated\">\n<div class=\"elementor-element elementor-element-3a043c15 sc_fly_static elementor-widget elementor-widget-text-editor trx_addons_parallax_layers_inited trx_addons_parallax_blocks_inited\" data-id=\"3a043c15\" data-element_type=\"widget\" data-widget_type=\"text-editor.default\">\n<div class=\"elementor-widget-container\">\n<h4>O PI\u0160KOTKIH<\/h4>\n<p class=\"p1\">Pi\u0161kotki so majhne besedilne datoteke, ki se shranijo v lokalni pomnilnik naprave, s katero dostopate do na\u0161ega spletnega mesta. Uporabljamo jih, da vam zagotovimo \u010dim bolj\u0161o uporabni\u0161ko izku\u0161njo. Na primer, pi\u0161kotki se lahko uporabljajo za shranjevanje podatkov o registraciji na spletnem mestu, tako da vam jih ob ponovnem obisku ni treba znova vna\u0161ati.  <\/p>\n<p class=\"p1\">\u010ce vas skrbijo pi\u0161kotki, lahko v ve\u010dini sodobnih spletnih brskalnikov njihovo shranjevanje onemogo\u010dite. V nastavitvah brskalnika lahko tudi dolo\u010dite, da brskalnik pi\u0161kotkov ne sprejema. <\/p>\n<p class=\"p1\">Za pravilno upravljanje na\u0161ega spletnega mesta v na\u0161ih sistemih shranjujemo anonimne podatke in po posameznih elementih razvr\u0161\u010damo obiskovalce v kategorije, na primer glede na vrsto spletnega brskalnika in lo\u010dljivost naprave, s katero ste nas obiskali, pri \u010demer va\u0161ih osebnih podatkov na noben na\u010din ne obdelujemo. Tak\u0161ne statistike v zbirni obliki posredujemo upraviteljem spletnega mesta z namenom zagotavljanja \u010dim bolj\u0161e uporabni\u0161ke izku\u0161nje in u\u010dinkovitosti spletnega mesta kot vira nujno potrebnih informacij. <\/p>\n<p class=\"p1\">Na\u0161e spletno mesto shranjuje izklju\u010dno marketin\u0161ke pi\u0161kotke med va\u0161im obiskom in za \u010das trajanja obiska ter preko teh pi\u0161kotkov ne zbira va\u0161ih osebnih podatkov.<\/p>\n<\/div>\n<\/div>\n<\/div>\n<\/div>\n<\/div>\n<\/section>\n<section class=\"elementor-section elementor-top-section elementor-element elementor-element-19f12625 elementor-section-boxed elementor-section-height-default elementor-section-height-default sc_fly_static trx_addons_parallax_layers_inited trx_addons_parallax_blocks_inited\" data-id=\"19f12625\" data-element_type=\"section\">\n<div class=\"elementor-container elementor-column-gap-extended\">\n<div class=\"elementor-column elementor-col-100 elementor-top-column elementor-element elementor-element-189eb98c sc_inner_width_none sc_content_align_inherit sc_layouts_column_icons_position_left sc_fly_static trx_addons_parallax_layers_inited trx_addons_parallax_blocks_inited\" data-id=\"189eb98c\" data-element_type=\"column\">\n<div class=\"elementor-widget-wrap elementor-element-populated\">\n<div class=\"elementor-element elementor-element-58c172ec sc_fly_static elementor-widget elementor-widget-spacer trx_addons_parallax_layers_inited trx_addons_parallax_blocks_inited\" data-id=\"58c172ec\" data-element_type=\"widget\" data-widget_type=\"spacer.default\">\n<div class=\"elementor-widget-container\">\n<div class=\"elementor-spacer\">\n<div class=\"elementor-spacer-inner\"><\/div>\n<\/div>\n<\/div>\n<\/div>\n<\/div>\n<\/div>\n<\/div>\n<\/section>\n<section class=\"elementor-section elementor-top-section elementor-element elementor-element-e257670 elementor-section-boxed elementor-section-height-default elementor-section-height-default sc_fly_static trx_addons_parallax_layers_inited trx_addons_parallax_blocks_inited\" data-id=\"e257670\" data-element_type=\"section\" data-settings=\"{\"background_background\":\"classic\"}\">\n<div class=\"elementor-container elementor-column-gap-extended\">\n<div class=\"elementor-column elementor-col-100 elementor-top-column elementor-element elementor-element-ef0a416 sc_inner_width_none sc_content_align_inherit sc_layouts_column_icons_position_left sc_fly_static trx_addons_parallax_layers_inited trx_addons_parallax_blocks_inited\" data-id=\"ef0a416\" data-element_type=\"column\">\n<div class=\"elementor-widget-wrap elementor-element-populated\">\n<div class=\"elementor-element elementor-element-f551c9f sc_fly_static elementor-widget elementor-widget-text-editor trx_addons_parallax_layers_inited trx_addons_parallax_blocks_inited\" data-id=\"f551c9f\" data-element_type=\"widget\" data-widget_type=\"text-editor.default\">\n<div class=\"elementor-widget-container\">\n<h5>Pi\u0161kotke lahko uporabljamo iz ve\u010d razlogov, kot so:<\/h5>\n<ul>\n<li>zbiranje anonimnih statistik, povezanih z vzorci in trendi brskanja<\/li>\n<li>analiza podatkov o prodaji<\/li>\n<li>izvajanje marketin\u0161kih raziskav<\/li>\n<li>prilagajanje vsebine ali funkcij na spletni strani za obiskovalce<\/li>\n<\/ul>\n<\/div>\n<\/div>\n<\/div>\n<\/div>\n<\/div>\n<\/section>\n<section class=\"elementor-section elementor-top-section elementor-element elementor-element-f2d9d10 elementor-section-boxed elementor-section-height-default elementor-section-height-default sc_fly_static trx_addons_parallax_layers_inited trx_addons_parallax_blocks_inited\" data-id=\"f2d9d10\" data-element_type=\"section\">\n<div class=\"elementor-container elementor-column-gap-extended\">\n<div class=\"elementor-column elementor-col-100 elementor-top-column elementor-element elementor-element-42929eb sc_inner_width_none sc_content_align_inherit sc_layouts_column_icons_position_left sc_fly_static trx_addons_parallax_layers_inited trx_addons_parallax_blocks_inited\" data-id=\"42929eb\" data-element_type=\"column\">\n<div class=\"elementor-widget-wrap elementor-element-populated\">\n<div class=\"elementor-element elementor-element-8e98247 sc_fly_static elementor-widget elementor-widget-spacer trx_addons_parallax_layers_inited trx_addons_parallax_blocks_inited\" data-id=\"8e98247\" data-element_type=\"widget\" data-widget_type=\"spacer.default\">\n<div class=\"elementor-widget-container\">\n<div class=\"elementor-spacer\">\n<div class=\"elementor-spacer-inner\"><\/div>\n<\/div>\n<\/div>\n<\/div>\n<\/div>\n<\/div>\n<\/div>\n<\/section>\n<section class=\"elementor-section elementor-top-section elementor-element elementor-element-32d486c7 elementor-section-boxed elementor-section-height-default elementor-section-height-default sc_fly_static trx_addons_parallax_layers_inited trx_addons_parallax_blocks_inited\" data-id=\"32d486c7\" data-element_type=\"section\" data-settings=\"{\"background_background\":\"classic\"}\">\n<div class=\"elementor-container elementor-column-gap-extended\">\n<div class=\"elementor-column elementor-col-100 elementor-top-column elementor-element elementor-element-1e5159da sc_inner_width_none sc_content_align_inherit sc_layouts_column_icons_position_left sc_fly_static trx_addons_parallax_layers_inited trx_addons_parallax_blocks_inited\" data-id=\"1e5159da\" data-element_type=\"column\">\n<div class=\"elementor-widget-wrap elementor-element-populated\">\n<div class=\"elementor-element elementor-element-7e6c329b sc_fly_static elementor-widget elementor-widget-text-editor trx_addons_parallax_layers_inited trx_addons_parallax_blocks_inited\" data-id=\"7e6c329b\" data-element_type=\"widget\" data-widget_type=\"text-editor.default\">\n<div class=\"elementor-widget-container\">\n<h5>Uporabljeni pi\u0161kotki<\/h5>\n<p>Google Analytics, marketin\u0161ki pi\u0161kotek, traja ve\u010d kot 2 leti, uporablja se v analiti\u010dne namene.<\/p>\n<\/div>\n<\/div>\n<\/div>\n<\/div>\n<\/div>\n<\/section>\n<section class=\"elementor-section elementor-top-section elementor-element elementor-element-7c1b1fb8 elementor-section-boxed elementor-section-height-default elementor-section-height-default sc_fly_static trx_addons_parallax_layers_inited trx_addons_parallax_blocks_inited\" data-id=\"7c1b1fb8\" data-element_type=\"section\">\n<div class=\"elementor-container elementor-column-gap-extended\">\n<div class=\"elementor-column elementor-col-100 elementor-top-column elementor-element elementor-element-8894635 sc_inner_width_none sc_content_align_inherit sc_layouts_column_icons_position_left sc_fly_static trx_addons_parallax_layers_inited trx_addons_parallax_blocks_inited\" data-id=\"8894635\" data-element_type=\"column\">\n<div class=\"elementor-widget-wrap elementor-element-populated\">\n<div class=\"elementor-element elementor-element-35bb884e sc_fly_static elementor-widget elementor-widget-spacer trx_addons_parallax_layers_inited trx_addons_parallax_blocks_inited\" data-id=\"35bb884e\" data-element_type=\"widget\" data-widget_type=\"spacer.default\">\n<div class=\"elementor-widget-container\">\n<div class=\"elementor-spacer\">\n<div class=\"elementor-spacer-inner\"><\/div>\n<\/div>\n<\/div>\n<\/div>\n<\/div>\n<\/div>\n<\/div>\n<\/section>\n<section class=\"elementor-section elementor-top-section elementor-element elementor-element-44ee3a3 elementor-section-boxed elementor-section-height-default elementor-section-height-default sc_fly_static trx_addons_parallax_layers_inited trx_addons_parallax_blocks_inited\" data-id=\"44ee3a3\" data-element_type=\"section\" data-settings=\"{\"background_background\":\"classic\"}\">\n<div class=\"elementor-container elementor-column-gap-extended\">\n<div class=\"elementor-column elementor-col-100 elementor-top-column elementor-element elementor-element-9c4474e sc_inner_width_none sc_content_align_inherit sc_layouts_column_icons_position_left sc_fly_static trx_addons_parallax_layers_inited trx_addons_parallax_blocks_inited\" data-id=\"9c4474e\" data-element_type=\"column\">\n<div class=\"elementor-widget-wrap elementor-element-populated\">\n<div class=\"elementor-element elementor-element-820f9cb sc_fly_static elementor-widget elementor-widget-text-editor trx_addons_parallax_layers_inited trx_addons_parallax_blocks_inited\" data-id=\"820f9cb\" data-element_type=\"widget\" data-widget_type=\"text-editor.default\">\n<div class=\"elementor-widget-container\">\n<h5>Va\u0161e mo\u017enosti:<\/h5>\n<ul>\n<li>\u010ce ne privolite v uporabo pi\u0161kotkov, se ti ne bodo shranjevali na va\u0161o napravo.<\/li>\n<li>\u010ce \u017eelite izbrisati pi\u0161kotke ali nastaviti svoj spletni brskalnik tako, da pi\u0161kotke izbri\u0161e oziroma zavrne, obi\u0161\u010dite stran za pomo\u010d svojega spletnega brskalnika.<\/li>\n<\/ul>\n<\/div>\n<\/div>\n<\/div>\n<\/div>\n<\/div>\n<\/section>\n<section class=\"elementor-section elementor-top-section elementor-element elementor-element-a61e9e5 elementor-section-boxed elementor-section-height-default elementor-section-height-default sc_fly_static trx_addons_parallax_layers_inited trx_addons_parallax_blocks_inited\" data-id=\"a61e9e5\" data-element_type=\"section\">\n<div class=\"elementor-container elementor-column-gap-extended\">\n<div class=\"elementor-column elementor-col-100 elementor-top-column elementor-element elementor-element-32debb7 sc_inner_width_none sc_content_align_inherit sc_layouts_column_icons_position_left sc_fly_static trx_addons_parallax_layers_inited trx_addons_parallax_blocks_inited\" data-id=\"32debb7\" data-element_type=\"column\">\n<div class=\"elementor-widget-wrap elementor-element-populated\">\n<div class=\"elementor-element elementor-element-e8caa0f sc_fly_static elementor-widget elementor-widget-spacer trx_addons_parallax_layers_inited trx_addons_parallax_blocks_inited\" data-id=\"e8caa0f\" data-element_type=\"widget\" data-widget_type=\"spacer.default\">\n<div class=\"elementor-widget-container\">\n<div class=\"elementor-spacer\"><\/div>\n<\/div>\n<\/div>\n<\/div>\n<\/div>\n<\/div>\n<\/section>\n<\/div>\n<\/div>\n<\/div>\n<\/div>\n<p>[\/vc_column_text][\/vc_column][\/vc_row]<\/p>\n<\/div>","protected":false},"excerpt":{"rendered":"<p>[vc_row full_width=&#8221;stretch_row&#8221; animation_in_type=&#8221;transition.fadeIn&#8221; animation_in_offset=&#8221;90&#8243; animation_in_duration=&#8221;600&#8243; animation_in_delay=&#8221;0&#8243; css=&#8221;.vc_custom_1732227097438{margin-top: 80px !important;margin-right: 0px !important;margin-bottom: 0px !important;margin-left: 0px !important;padding-bottom: 60px !important;background-color: #ffffff !important;}&#8221;][vc_column css=&#8221;.vc_custom_1450339501388{padding-top: 0px !important;}&#8221;][vc_empty_space][vc_separator css=&#8221;&#8221;][\/vc_column][\/vc_row][vc_row][vc_column][vc_column_text css_animation=&#8221;none&#8221; css=&#8221;&#8221;] O PI\u0160KOTKIH Pi\u0161kotki so majhne besedilne datoteke, ki se shranijo [&hellip;]<\/p>\n","protected":false},"author":500,"featured_media":0,"parent":0,"menu_order":0,"comment_status":"closed","ping_status":"closed","template":"","meta":{"_uag_custom_page_level_css":"","footnotes":""},"class_list":["post-22115","page","type-page","status-publish","hentry"],"uagb_featured_image_src":{"full":false,"thumbnail":false,"medium":false,"medium_large":false,"large":false,"tf-client-image-size":false,"1536x1536":false,"2048x2048":false,"thecrate_related_post_pic700x400":false,"thecrate_post_pic700x450":false,"thecrate_post_widget_pic70x70":false,"thecrate_530x600":false,"thecrate_1300x650":false,"thecrate_1420x140":false,"thecrate_testimonials_150x150":false,"thecrate_clients_160x90":false,"thecrate_portfolio01_390x275":false,"thecrate_blogpost01_1420x170":false,"thecrate_about_600x600":false,"thecrate_testimonials02_250x530":false,"woocommerce_thumbnail":false,"woocommerce_single":false,"woocommerce_gallery_thumbnail":false},"uagb_author_info":{"display_name":"klax_grunt","author_link":"https:\/\/mojgruntek.hr\/sl\/author\/klax_grunt\/"},"uagb_comment_info":0,"uagb_excerpt":"[vc_row full_width=&#8221;stretch_row&#8221; animation_in_type=&#8221;transition.fadeIn&#8221; animation_in_offset=&#8221;90&#8243; animation_in_duration=&#8221;600&#8243; animation_in_delay=&#8221;0&#8243; css=&#8221;.vc_custom_1732227097438{margin-top: 80px !important;margin-right: 0px !important;margin-bottom: 0px !important;margin-left: 0px !important;padding-bottom: 60px !important;background-color: #ffffff !important;}&#8221;][vc_column css=&#8221;.vc_custom_1450339501388{padding-top: 0px !important;}&#8221;][vc_empty_space][vc_separator css=&#8221;&#8221;][\/vc_column][\/vc_row][vc_row][vc_column][vc_column_text css_animation=&#8221;none&#8221; css=&#8221;&#8221;] O PI\u0160KOTKIH Pi\u0161kotki so majhne besedilne datoteke, ki se shranijo [&hellip;]","_links":{"self":[{"href":"https:\/\/mojgruntek.hr\/sl\/wp-json\/wp\/v2\/pages\/22115","targetHints":{"allow":["GET"]}}],"collection":[{"href":"https:\/\/mojgruntek.hr\/sl\/wp-json\/wp\/v2\/pages"}],"about":[{"href":"https:\/\/mojgruntek.hr\/sl\/wp-json\/wp\/v2\/types\/page"}],"author":[{"embeddable":true,"href":"https:\/\/mojgruntek.hr\/sl\/wp-json\/wp\/v2\/users\/500"}],"replies":[{"embeddable":true,"href":"https:\/\/mojgruntek.hr\/sl\/wp-json\/wp\/v2\/comments?post=22115"}],"version-history":[{"count":7,"href":"https:\/\/mojgruntek.hr\/sl\/wp-json\/wp\/v2\/pages\/22115\/revisions"}],"predecessor-version":[{"id":22642,"href":"https:\/\/mojgruntek.hr\/sl\/wp-json\/wp\/v2\/pages\/22115\/revisions\/22642"}],"wp:attachment":[{"href":"https:\/\/mojgruntek.hr\/sl\/wp-json\/wp\/v2\/media?parent=22115"}],"curies":[{"name":"wp","href":"https:\/\/api.w.org\/{rel}","templated":true}]}}