{"id":22128,"date":"2025-07-22T09:31:40","date_gmt":"2025-07-22T08:31:40","guid":{"rendered":"https:\/\/mojgruntek.hr\/kako-poteka-narocilo-zabojcka\/"},"modified":"2026-03-11T10:00:27","modified_gmt":"2026-03-11T09:00:27","slug":"kako-poteka-narocilo-zabojcka","status":"publish","type":"page","link":"https:\/\/mojgruntek.hr\/sl\/kako-poteka-narocilo-zabojcka\/","title":{"rendered":"Kako poteka naro\u010dilo zaboj\u010dka?"},"content":{"rendered":"<div class=\"wpb-content-wrapper\"><p>[vc_row][vc_column]<div class=\"title-subtile-holder\" style=\" padding-bottom:20px;\"><h2 style=\"font-size:50px;\" class=\"section-title dark_title text-center\">Navodila za naro\u010dnike \u2013 <strong>Zdaj imate svoj vrt!<\/strong><\/h2><div style=\"font-size:30px;  \" class=\"section-subtitle dark_subtitle text-center\">Ste se naro\u010dili na zelenjavo z vrta Gruntek in zdaj pri\u010dakujete svoj zaboj\u010dek?<br \/>\nNa Grunteku se sadi, obira in dostavlja \u2013 va\u0161a naloga je le, da spremljate svoj vrt in potrdite prevzem zaboj\u010dka.<\/div><\/div>[\/vc_column][\/vc_row][vc_row][vc_column][vc_empty_space][\/vc_column][\/vc_row][vc_row][vc_column][vc_empty_space][\/vc_column][\/vc_row][vc_row][vc_column][vc_separator css=&#8221;&#8221;][\/vc_column][\/vc_row][vc_row css_animation=&#8221;none&#8221;][vc_column width=&#8221;1\/3&#8243;][vc_column_text css_animation=&#8221;fadeIn&#8221; css=&#8221;&#8221; el_class=&#8221;custom-title-spacing&#8221;]<\/p>\n<h3 data-start=\"101\" data-end=\"369\">OB <span style=\"color: #000000;\">SREDAH <\/span>BOSTE PREJELI POVEZAVO ZA POTRDITEV NARO\u010cILA.<\/h3>\n<h5 data-start=\"101\" data-end=\"369\">S klikom na povezavo (veljavna je <strong data-start=\"206\" data-end=\"217\">48 ur!<\/strong>) odprete obrazec, v katerem potrdite svoje naro\u010dilo.<\/h5>\n<p>V obrazcu boste potrdili ali spremenili naslov za dostavo.<\/p>\n<p>Po \u017eelji lahko dodate sporo\u010dilo za dostavljavca, da bo dostava potekala \u010dim bolj gladko.<\/p>\n<p>Upo\u0161tevajte, da gre za sve\u017eo zelenjavo, zato je dostava mo\u017ena le na izbrani naslov \u2013 zaboj\u010dka ni mogo\u010de vrniti nazaj k nam.<\/p>\n<p>\u010ce zaboj\u010dka ne morete prevzeti sami, dostavo preusmerite na nekoga, ki jo lahko prevzame.[\/vc_column_text][\/vc_column][vc_column width=&#8221;1\/3&#8243;][vc_column_text css_animation=&#8221;fadeIn&#8221; css=&#8221;&#8221;]<\/p>\n<h3 data-start=\"371\" data-end=\"707\">OB <span style=\"color: #000000;\">PETKIH <\/span>IZVESTE TERMIN OZIROMA DAN DOSTAVE.<\/h3>\n<h5 data-start=\"371\" data-end=\"707\">Dostavna slu\u017eba vam razpored dostave po\u0161lje na va\u0161 e\u2011po\u0161tni naslov.<\/h5>\n<p>Naro\u010dite za naslednji teden.<\/p>\n<p>V petek prejmete natan\u010den razpored obiranja in dostave va\u0161e zelenjave.<\/p>\n<p>Na dan dostave prejmete SMS z obvestilom o prihodu in telefonsko \u0161tevilko dostavljavca.[\/vc_column_text][\/vc_column][vc_column width=&#8221;1\/3&#8243;][vc_column_text css_animation=&#8221;fadeIn&#8221; css=&#8221;&#8221;]<\/p>\n<h3 data-start=\"371\" data-end=\"707\">TEDENSKA DOSTAVA ZABOJ\u010cKA<\/h3>\n<h5 data-start=\"371\" data-end=\"707\">Dostavo organiziramo v tednu po va\u0161em naro\u010dilu, ko poznamo koli\u010dine, ki jih moramo pripraviti.<br \/>\nObiranje in dostava ne potekata vsak teden, saj se prilagajamo ritmu vrta, Gruntek vendarle ni klasi\u010dna trgovina \ud83d\ude42<\/h5>\n<ul>\n<li data-start=\"371\" data-end=\"707\">Spremljajte informacije z vrta, ki jih prejemate po e\u2011po\u0161ti<\/li>\n<li data-start=\"371\" data-end=\"707\">Va\u0161o zelenjavo si lahko na Grunteku naberete tudi samo, kadar koli \u017eelite.<\/li>\n<li data-start=\"371\" data-end=\"707\">V primeru te\u017eav z zaboj\u010dkom sledite navodilom na povezavi <a href=\"https:\/\/mojgruntek.hr\/sl\/reklamacije-si\/\">Garancija kakovosti.<\/a><\/li>\n<\/ul>\n<p>[\/vc_column_text][\/vc_column][\/vc_row][vc_row][vc_column][vc_empty_space height=&#8221;12px&#8221;][\/vc_column][\/vc_row][vc_row][vc_column][vc_separator css=&#8221;&#8221;][\/vc_column][\/vc_row][vc_row][vc_column][vc_empty_space height=&#8221;48px&#8221;][\/vc_column][\/vc_row][vc_row][vc_column][vc_video link=&#8221;https:\/\/www.youtube.com\/watch?v=mq32YZpWCYs&#8221; el_width=&#8221;80&#8243; align=&#8221;center&#8221; css=&#8221;&#8221;][\/vc_column][\/vc_row][vc_row][vc_column][vc_empty_space height=&#8221;48px&#8221;][\/vc_column][\/vc_row][vc_row][vc_column][vc_column_text css=&#8221;&#8221;]<\/p>\n<h4 style=\"text-align: center;\"><span style=\"color: #000000;\"><strong><span style=\"color: #777777;\">Gruntek mo\u017enosti prevzema in dostave<\/span><\/strong><\/span><\/h4>\n<p>[\/vc_column_text][\/vc_column][\/vc_row][vc_row][vc_column][vc_empty_space][\/vc_column][\/vc_row][vc_row][vc_column][vc_column_text css=&#8221;&#8221;]<\/p>\n<div class=\"prose dark:prose-invert inline leading-relaxed break-words min-w-0 [word-break:break-word] prose-strong:font-bold [&amp;_&gt;*:first-child]:mt-0 [&amp;_&gt;*:last-child]:mb-0\">\n<p class=\"my-2 [&amp;+p]:mt-4 [&amp;_strong:has(+br)]:inline-block [&amp;_strong:has(+br)]:pb-2\" style=\"text-align: center;\">Gruntek zaboj\u010dke lahko prevzamete kar na <a href=\"https:\/\/maps.app.goo.gl\/f8eND9BeRMzormGj8\" target=\"_blank\" rel=\"noopener\">Grunteku<\/a>, Prokljuvani 22 v \u010cazmi \u2013 lahko jih napolnite sami ali pa jih ob predhodni rezervaciji pripravimo mi.<\/p>\n<p class=\"my-2 [&amp;+p]:mt-4 [&amp;_strong:has(+br)]:inline-block [&amp;_strong:has(+br)]:pb-2\" style=\"text-align: center;\">Zaboj\u010dke dostavljamo na prevzemna mesta v Ljubljani, Mariboru in Celju.<\/p>\n<\/div>\n<p>[\/vc_column_text][\/vc_column][\/vc_row][vc_row][vc_column][vc_empty_space][\/vc_column][\/vc_row][vc_row][vc_column][vc_empty_space height=&#8221;12px&#8221;][\/vc_column][\/vc_row][vc_row][vc_column][vc_column_text css=&#8221;&#8221;]<\/p>\n<h5 style=\"text-align: center;\">V Sloveniji nudimo dostavo na prevzemne to\u010dke v<\/h5>\n<p>[\/vc_column_text][\/vc_column][\/vc_row][vc_row][vc_column][vc_empty_space][\/vc_column][\/vc_row][vc_row css_animation=&#8221;none&#8221;][vc_column width=&#8221;1\/3&#8243;][vc_column_text css_animation=&#8221;fadeIn&#8221; css=&#8221;&#8221; el_class=&#8221;custom-title-spacing&#8221;]<\/p>\n<p style=\"text-align: center;\" data-start=\"101\" data-end=\"369\">Ljubljani<\/p>\n<p>[\/vc_column_text][\/vc_column][vc_column width=&#8221;1\/3&#8243;][vc_column_text css_animation=&#8221;fadeIn&#8221; css=&#8221;&#8221;]<\/p>\n<p style=\"text-align: center;\" data-start=\"371\" data-end=\"707\">Mariboru<\/p>\n<p>[\/vc_column_text][\/vc_column][vc_column width=&#8221;1\/3&#8243;][vc_column_text css_animation=&#8221;fadeIn&#8221; css=&#8221;&#8221;]<\/p>\n<p style=\"text-align: center;\" data-start=\"371\" data-end=\"707\">Celju<\/p>\n<p>[\/vc_column_text][\/vc_column][\/vc_row][vc_row][vc_column][vc_empty_space height=&#8221;48px&#8221;][\/vc_column][\/vc_row][vc_row][vc_column][vc_column_text css=&#8221;&#8221;]<\/p>\n<h4 style=\"text-align: center;\"><span style=\"color: #000000;\"><strong><span dir=\"ltr\" role=\"presentation\">Lokacije za prevzem va\u0161ih zaboj\u010dkov<\/span><\/strong><\/span><\/h4>\n<p>[\/vc_column_text][\/vc_column][\/vc_row][vc_row][vc_column][vc_empty_space][\/vc_column][\/vc_row][vc_row][vc_column][vc_column_text css=&#8221;&#8221;]<\/p>\n<div class=\"p-pdf_iframe__page\" aria-label=\"Page 1\" data-page-number=\"1\">\n<div class=\"textLayer\" data-main-rotation=\"0\">\n<p style=\"text-align: center;\">Glavno mesto za prevzem zaboj\u010dkov je sam Gruntek, katerega lokacijo najdete <a href=\"https:\/\/maps.app.goo.gl\/f8eND9BeRMzormGj8\" target=\"_blank\" rel=\"noopener\">tukaj<\/a>, ali na naslovu Prokljuvani 22, \u010cazma.<\/p>\n<\/div>\n<\/div>\n<p>[\/vc_column_text][\/vc_column][\/vc_row][vc_row][vc_column][vc_empty_space][\/vc_column][\/vc_row][vc_row css_animation=&#8221;none&#8221;][vc_column width=&#8221;1\/3&#8243;][vc_column_text css_animation=&#8221;fadeIn&#8221; css=&#8221;.vc_custom_1771585652369{margin-bottom: 35px !important;}&#8221; el_class=&#8221;custom-title-spacing&#8221;]<\/p>\n<p data-start=\"101\" data-end=\"369\"><strong>Prevzemno mesto za Ljubljano:<\/strong><br \/>\n<br role=\"presentation\">\u2022 <a href=\"https:\/\/maps.app.goo.gl\/t1aZ6c1hCa5cgXmHA\" target=\"_blank\" rel=\"noopener\">Parkiri\u0161\u010de trgovine IKEA<\/a>, <a href=\"https:\/\/maps.app.goo.gl\/t1aZ6c1hCa5cgXmHA\" target=\"_blank\" rel=\"noopener\">BTC<\/a> <a href=\"https:\/\/maps.app.goo.gl\/t1aZ6c1hCa5cgXmHA\" target=\"_blank\" rel=\"noopener\">CITY<\/a> \u2013 sobota 12:00-12:30<\/p>\n<p>[\/vc_column_text][\/vc_column][vc_column width=&#8221;1\/3&#8243;][vc_column_text css_animation=&#8221;fadeIn&#8221; css=&#8221;.vc_custom_1771585676047{margin-top: 0px !important;margin-bottom: 35px !important;}&#8221;]<\/p>\n<p data-start=\"371\" data-end=\"707\"><strong>Prevzemno mesto za Celje:<\/strong><br \/>\n<br role=\"presentation\">\u2022 <a href=\"https:\/\/maps.app.goo.gl\/euinsdhxRgkrYZ6H8\" target=\"_blank\" rel=\"noopener\">Park<\/a><a href=\"https:\/\/maps.app.goo.gl\/euinsdhxRgkrYZ6H8\" target=\"_blank\" rel=\"noopener\">iri\u0161\u010de<\/a> <a href=\"https:\/\/maps.app.goo.gl\/euinsdhxRgkrYZ6H8\" target=\"_blank\" rel=\"noopener\">Celjski<\/a> <a href=\"https:\/\/maps.app.goo.gl\/euinsdhxRgkrYZ6H8\" target=\"_blank\" rel=\"noopener\">sejem<\/a> \u2013 sobota 15:00-15:30<br role=\"presentation\"><br role=\"presentation\"><\/p>\n<p>[\/vc_column_text][\/vc_column][vc_column width=&#8221;1\/3&#8243;][vc_column_text css_animation=&#8221;fadeIn&#8221; css=&#8221;&#8221;]<strong>Prevzemno mesto za Maribor je:<\/strong><br \/>\n<br role=\"presentation\">\u2022 <a href=\"https:\/\/www.google.com\/maps\/place\/Varstveno+delovni+center+pol%C5%BE+Maribor\/@46.546428,15.6429846,3a,75y,272.34h,97.01t\/data=!3m7!1e1!3m5!1suc9KBVuh7qlVoyQCgw_GPA!2e0!6shttps:%2F%2Fstreetviewpixels-pa.googleapis.com%2Fv1%2Fthumbnail%3Fcb_client%3Dmaps_sv.tactile%26w%3D900%26h%3D600%26pitch%3D-7.010000000000005%26panoid%3Duc9KBVuh7qlVoyQCgw_GPA%26yaw%3D272.34!7i16384!8i8192!4m16!1m8!3m7!1s0x476f779f96680f83:0xa5e9b3b7b76c8813!2sVarstveno+delovni+center+pol%C5%BE+Maribor!8m2!3d46.5462231!4d15.6430095!10e5!16s%2Fg%2F1hc29b5f2!3m6!1s0x476f779f96680f83:0xa5e9b3b7b76c8813!8m2!3d46.5462231!4d15.6430095!10e5!16s%2Fg%2F1hc29b5f2?entry=ttu&amp;g_ep=EgoyMDI2MDMwMi4wIKXMDSoASAFQAw%3D%3D\" target=\"_blank\" rel=\"noopener\">Parkiri\u0161\u010de za IC PIRAMIDA MARIBOR<\/a> \u2013 sobota 16:30\u201317:00[\/vc_column_text][\/vc_column][\/vc_row][vc_row][vc_column][vc_empty_space][\/vc_column][\/vc_row][vc_row][vc_column][vc_separator css=&#8221;&#8221;][\/vc_column][\/vc_row][vc_row][vc_column][vc_empty_space height=&#8221;48px&#8221;]<div class=\"title-subtile-holder\" style=\" padding-bottom:20px;\"><h2 style=\"\" class=\"section-title dark_title text-center\">Pogosta vpra\u0161anja \u2013 <strong>Vse o postopku naro\u010danja zaboj\u010dkov<\/strong><\/h2><div style=\"  \" class=\"section-subtitle dark_subtitle text-center\">Tukaj boste na\u0161li vse odgovore v zvezi z naro\u010danjem svojih zaboj\u010dkov!<\/div><\/div>[\/vc_column][\/vc_row][vc_row css_animation=&#8221;fadeIn&#8221;][vc_column][vc_tta_accordion style=&#8221;outline&#8221; shape=&#8221;square&#8221; color=&#8221;black&#8221; active_section=&#8221;&#8221; no_fill=&#8221;true&#8221; collapsible_all=&#8221;true&#8221;][vc_tta_section title=&#8221;Kako poteka naro\u010danje zaboj\u010dkov&#8221; tab_id=&#8221;1753248855884-460cfc87-91ad&#8221;][vc_column_text css=&#8221;&#8221;]Naro\u010dila oddajate vsak teden, da prepre\u010dimo nepotrebno metanje hrane in poskrbimo, da niti en kos zelenjave ne pristane v smeteh.<\/p>\n<p>Naro\u010dila lahko oddate od srede od 8.00 zjutraj do petka do 8.00 zjutraj prek povezave, ki jo po\u0161ljemo na va\u0161 e\u2011po\u0161tni naslov, dostava pa poteka v naslednjem tednu.<\/p>\n<p>Uporabniki Select zaboj\u010dkov imajo dodaten korak, v katerem lahko izberejo, katere vrtnine \u017eelijo v svojih zaboj\u010dkih za prihodnji teden.<\/p>\n<p>[\/vc_column_text][\/vc_tta_section][vc_tta_section title=&#8221;Kdaj lahko pri\u010dakujem svoj zaboj\u010dek?&#8221; tab_id=&#8221;1753258943478-9e990510-ab37&#8243;][vc_column_text css=&#8221;&#8221;]<strong>Va\u0161 zaboj\u010dek dostavimo v tednu po oddanem naro\u010dilu. <\/strong><\/p>\n<p>Gruntek bo v Sloveniji za\u010del z dostavo na prevzemne to\u010dke v Ljubljani, Mariboru in Celju.<\/p>\n<p>Dostava je organizirana ob sobotah:<\/p>\n<ul>\n<li>Prevzemno mesto za Ljubljano \u2022 Parkiri\u0161\u010de trgovine IKEA, BTC CITY \u2013 sobota 12:00-12:30<\/li>\n<li>Prevzemno mesto za Celje \u2022 Parkiri\u0161\u010de Celjski sejem \u2013 sobota 15:00-15:30<\/li>\n<li>Prevzemno mesto za Maribor \u2022 Parkiri\u0161\u010de za IC PIRAMIDA MARIBOR \u2013 sobota 16:30\u201317:00<\/li>\n<\/ul>\n<p>Za ve\u010d informacij o dostavah na prevzemna mesta obi\u0161\u010dite rubriko \u00bb<strong>Naro\u010dnina &amp; dostava<\/strong>\u00ab ali se obrnite na na\u0161o slu\u017ebo za pomo\u010d uporabnikom.[\/vc_column_text][\/vc_tta_section][vc_tta_section title=&#8221;Zgre\u0161il\/-a sem naro\u010dilo zaboj\u010dka! Kaj zdaj?! &#8221; tab_id=&#8221;1753249444978-52c7e33d-8334&#8243;][vc_column_text css=&#8221;&#8221;]Brez skrbi \u2013 pi\u0161ite na\u0161i slu\u017ebi za podporo uporabnikom in, \u010de bo mo\u017eno, vas z veseljem dodamo na seznam za dostavo.<br \/>\nV primeru da to vseeno ne bo izvedljivo, lahko svoj Gruntek zaboj\u010dek <span style=\"text-decoration: underline;\">vedno prevzamete na najbli\u017ejem prevzemnem mestu<\/span>.<\/p>\n<p>Kontaktirate nas lahko po e\u2011po\u0161ti na<a style=\"color: #008000;\" href=\"mailto:info@mojgruntek.hr\"> info@mojgruntek.hr <\/a>ali prek sporo\u010dila na WhatsAppu, na\u0161a ekipa pa bo naredila vse, da va\u0161 zaboj\u010dek vseeno pride do vas!<\/p>\n<p>\u010ce nas v predvidenem \u010dasu za naro\u010dilo tedenskega zaboj\u010dka ne kontaktirate, bo zaboj\u010dek samodejno preusmerjena v otro\u0161ke domove ali ljudske kuhinje.<\/p>\n<p>* Naknadna (retroaktivna) dostava ko\u0161aric ni mogo\u010da.<br \/>\n* Dostava ko\u0161aric vnaprej ni mogo\u010da.[\/vc_column_text][\/vc_tta_section][vc_tta_section title=&#8221;Povezava za naro\u010dilo zaboj\u010dka ni prispela?&#8221; tab_id=&#8221;1753251875121-b5ea88c9-14a5&#8243;][vc_column_text css=&#8221;&#8221;]\u010ce na\u0161ega e\u2011sporo\u010dila s povezavo ne najde\u0161, obvezno preveri mapo z neza\u017eeleno po\u0161to in \u2018Promocije\u2019 \u2013 pogosto pristane tam. \u010ce ga \u0161e vedno ni, se brez zadr\u017ekov oglasi pri nas!\u00ab <\/p>\n<p>Obstaja mo\u017enost, da je dostava v dolo\u010denem tednu za\u010dasno ustavljena, zato povezava za naro\u010dilo ni bila poslana. O tem vnaprej obve\u0161\u010damo prek e\u2011po\u0161tnega novi\u010dnika in dru\u017ebenih omre\u017eij.[\/vc_column_text][\/vc_tta_section][vc_tta_section title=&#8221;Ali lahko spremenim dan dostave?&#8221; tab_id=&#8221;1753254312700-dd9b6bc1-4908&#8243;][vc_column_text css=&#8221;&#8221;]V petek vam po\u0161ljemo termin dostave, nato pa se po prejemu termina s svojimi vpra\u0161anji lahko obrnete na dostavno slu\u017ebo.<\/p>\n<p>\u010ceprav va\u0161ih \u017eelja niso dol\u017eni upo\u0161tevati, vam bo dostavna slu\u017eba vedno posku\u0161ala \u010dim bolj ustre\u010di<a style=\"color: #008000;\" href=\"mailto:info@locodels.hr\">.<\/a>[\/vc_column_text][\/vc_tta_section][vc_tta_section title=&#8221;Kje vse Gruntek dostavlja?&#8221; tab_id=&#8221;1754286793065-5271947f-c484&#8243;][vc_column_text css=&#8221;&#8221;]Na obmo\u010dju <span style=\"color: #000000;\"><strong>Mestne ob\u010dine Zagreb<\/strong><\/span> in <strong>Zagreb\u0161ke \u017eupanije<\/strong> je mo\u017ena dostava na doma\u010di naslov, dostava na delovno mesto ter prevzem na prevzemnih to\u010dkah.<\/p>\n<p><strong>Prevzemna mesta za Zagreb so<\/strong>:<br \/>\n\u2022 <span style=\"color: #008000;\"><a style=\"color: #008000;\" href=\"https:\/\/maps.app.goo.gl\/DJZdsoAq66AeXweK7\" target=\"_blank\" rel=\"noopener\">Parkiri\u0161\u010de pri KRA\u0160-u<\/a><\/span>&#8211; sobota 09:00 \u2013 09:30<br \/>\n\u2022 <span style=\"color: #008000;\"><a href=\"https:\/\/maps.app.goo.gl\/DJZdsoAq66AeXweK7\" target=\"_blank\" rel=\"noopener\">Vzhodno parkiri\u0161\u010de pri Zagreb\u0161kem velesejmu<\/a><\/span>\u2013 sobota 10:00 \u2013 10:30<br \/>\n\u2022 <span style=\"color: #008000;\"><a href=\"https:\/\/maps.app.goo.gl\/DJZdsoAq66AeXweK7\" target=\"_blank\" rel=\"noopener\">Parkiri\u0161\u010de pri SKY OFFICE-u v Rude\u0161u<\/a><\/span>\u2013 sobota 11:00 \u2013 11:30<\/p>\n<p>V Sloveniji dostavljamo na prevzemna mesta v <strong>Ljubljani, Mariboru<\/strong> in <strong>Celju<\/strong><\/p>\n<p>Prevzemno mesto za Ljubljano je:<br \/>\n&#8211; <a style=\"color: #008000;\" href=\"https:\/\/maps.app.goo.gl\/DJZdsoAq66AeXweK7\" target=\"_blank\" rel=\"noopener\">Parkiri\u0161\u010de trgovine<\/a><a style=\"color: #008000;\" href=\"https:\/\/maps.app.goo.gl\/DJZdsoAq66AeXweK7\" target=\"_blank\" rel=\"noopener\"> IKEA,<\/a><a style=\"color: #008000;\" href=\"https:\/\/maps.app.goo.gl\/DJZdsoAq66AeXweK7\" target=\"_blank\" rel=\"noopener\"> BTC CITY<\/a> \u2013 sobota 12:00-12:30<\/p>\n<p><span style=\"color: #008000;\"><br \/>\n<\/span>Prevzemno Mesto za Maribor je: <br \/>&#8211; <a style=\"color: #008000;\" href=\"https:\/\/maps.app.goo.gl\/S3QzBg2q7xGwbuNW8\" target=\"_blank\" rel=\"noopener\">Parkiri\u0161\u010de za IC PIRAMIDA MARIBOR<\/a> &#8211; sobota 17.00\u201317.30<span style=\"color: #008000;\"><br \/>\n<\/span><\/p>\n<p>Prevzemno mesto za Celje:<br \/>\n\u2022 <span style=\"color: #008000;\"><a style=\"color: #008000;\" href=\"https:\/\/maps.app.goo.gl\/rT4pkFiWEzTQxDSg6\" target=\"_blank\" rel=\"noopener\">Parkiri\u0161\u010de Celjski sejem<\/a><\/span>\u2013 sobota 16:30\u201317:00<\/p>\n<p><a style=\"color: #008000;\" href=\"mailto:info@locodels.hr\">&#8211;<\/a>[\/vc_column_text][\/vc_tta_section][vc_tta_section title=&#8221;Ali lahko naro\u010dim dostavo v pisarno?&#8221; tab_id=&#8221;1755151593056-2809c918-a8ae&#8221;][vc_column_text css=&#8221;&#8221;]Na obmo\u010dju <strong>Mestne ob\u010dine Zagreb<\/strong> in <span style=\"color: #000000;\">Zagreb\u0161ke \u017eupanije<\/span> je mo\u017ena dostava v pisarno.<\/p>\n<p>Dostava poteka ob<strong> sredah<\/strong> od 13.00 do 16.00.[\/vc_column_text][\/vc_tta_section][vc_tta_section title=&#8221;Ali lahko svoj zaboj\u010dek delim z drugimi dru\u017einskimi \u010dlani ali s prijatelji?&#8221; tab_id=&#8221;1753249029527-6ac9d386-2f7f&#8221;][vc_column_text css=&#8221;&#8221;]Tako je! Zaboj\u010dek <strong>lahko preusmeri\u0161 <\/strong>na katerokoli lokacijo in osebo znotraj na\u0161ih dostavnih obmo\u010dij, tudi v druge kraje. <\/p>\n<p>Med seboj se dogovorite o na\u010dinu pla\u010dila naro\u010dnine in razporedu dostave tedenskega zaboj\u010dka. Pomembno je poudariti, da zaboj\u010dka ni mogo\u010de razdeliti na polovico \u2013 dostavimo ga v celoti. Na\u010din delitve si lahko uredite sami, na primer en teden je dostava pri enem uporabniku, drugi teden pri drugem, ali pa dostava v pisarno, kjer si lahko zaboj\u010dek razdelite s sodelavci. Pomembno nam je, da ste vsak teden oskrbljeni z najkakovostnej\u0161o zelenjavo.   <\/p>\n<p>Ob naro\u010dilu vpi\u0161ite ime, kontakt in naslov prejemnika.[\/vc_column_text][vc_empty_space height=&#8221;48px&#8221;][vc_single_image image=&#8221;22129&#8243; img_size=&#8221;full&#8221; alignment=&#8221;center&#8221; css=&#8221;&#8221;][\/vc_tta_section][vc_tta_section title=&#8221;Imam zaboj\u010dek Select \u2013 kako naro\u010dam?&#8221; tab_id=&#8221;1753249344721-300b6595-5806&#8243;][vc_column_text css=&#8221;&#8221;]Uporabniki zaboj\u010dka Select imajo mo\u017enost izbire zelenjave \u2013 iz ponujenega je treba izbrati najmanj 5 razli\u010dnih vrtnin, lahko pa izberete tudi vse. <\/p>\n<p>Skupna te\u017ea zaboj\u010dka se razdeli med izbrane vrtnine glede na pridelek v tem tednu.[\/vc_column_text][\/vc_tta_section][vc_tta_section title=&#8221;Zakaj moram vsak teden potrditi naro\u010dilo, \u010deprav imam sklenjeno naro\u010dnino?&#8221; tab_id=&#8221;1753251972204-d05b8cf9-f70e&#8221;][vc_column_text css=&#8221;&#8221;]Potrditev zaboj\u010dka nam omogo\u010da natan\u010dno na\u010drtovanje dostav. Kadar zaboj\u010dki niso potrjeni pravo\u010dasno, prihaja do zamud pri dostavi in do nepotrebnega metanja skrbno pridelane, ekolo\u0161ke zelenjave. <\/p>\n<p>Potrditev zaboj\u010dka nam omogo\u010da natan\u010dno na\u010drtovanje dostav. \u010ce zaboj\u010dki niso pravo\u010dasno potrjeni, to povzro\u010da zamude pri dostavi in vodi v ve\u010d zavr\u017eene, skrbno pridelane ekolo\u0161ke zelenjave.[\/vc_column_text][\/vc_tta_section][vc_tta_section title=&#8221;Ta teden ni bilo dostave?&#8221; tab_id=&#8221;1753270463270-0f1964c4-02af&#8221;][vc_column_text css=&#8221;&#8221;]Ob\u010dasno naredimo kraj\u0161i premor pri dostavah \u2013 to je \u010das, ki ga na\u0161e zelenjava potrebuje, da naraste in dozori na naraven na\u010din.<\/p>\n<p>Ker pridelujemo v skladu z na\u010deli ekolo\u0161kega kmetovanja, ne uporabljamo umetnih sredstev za pospe\u0161evanje rasti, smo odvisni od ritma narave \u2013 in verjamemo, da se spla\u010da malo po\u010dakati.<\/p>\n<p>V tak\u0161nih primerih po\u0161ljemo obvestilo po e\u2011po\u0161ti in preko dru\u017ebenih omre\u017eij.[\/vc_column_text][\/vc_tta_section][vc_tta_section title=&#8221;Ali lahko naro\u010dim poskusni zaboj\u010dek?&#8221; tab_id=&#8221;1753268681418-655fd92a-67fa&#8221;][vc_column_text css=&#8221;&#8221;]Obrnite se na na\u0161o<a href=\"mailto:info@mojgruntek.hr\"> slu\u017ebo za pomo\u010d uporabnikom<\/a>, da se pozanimate o trenutnih ugodnostih in promocijskih akcijah.[\/vc_column_text][\/vc_tta_section][\/vc_tta_accordion][\/vc_column][\/vc_row][vc_row][vc_column][\/vc_column][\/vc_row]<\/p>\n<\/div>","protected":false},"excerpt":{"rendered":"<p>[vc_row][vc_column][\/vc_column][\/vc_row][vc_row][vc_column][vc_empty_space][\/vc_column][\/vc_row][vc_row][vc_column][vc_empty_space][\/vc_column][\/vc_row][vc_row][vc_column][vc_separator css=&#8221;&#8221;][\/vc_column][\/vc_row][vc_row css_animation=&#8221;none&#8221;][vc_column width=&#8221;1\/3&#8243;][vc_column_text css_animation=&#8221;fadeIn&#8221; css=&#8221;&#8221; el_class=&#8221;custom-title-spacing&#8221;] OB SREDAH BOSTE PREJELI POVEZAVO ZA POTRDITEV NARO\u010cILA. S klikom na povezavo (veljavna je 48 ur!) odprete obrazec, v katerem potrdite svoje naro\u010dilo. V obrazcu boste potrdili ali [&hellip;]<\/p>\n","protected":false},"author":5,"featured_media":0,"parent":0,"menu_order":0,"comment_status":"closed","ping_status":"closed","template":"","meta":{"_uag_custom_page_level_css":"","footnotes":""},"class_list":["post-22128","page","type-page","status-publish","hentry"],"uagb_featured_image_src":{"full":false,"thumbnail":false,"medium":false,"medium_large":false,"large":false,"tf-client-image-size":false,"1536x1536":false,"2048x2048":false,"thecrate_related_post_pic700x400":false,"thecrate_post_pic700x450":false,"thecrate_post_widget_pic70x70":false,"thecrate_530x600":false,"thecrate_1300x650":false,"thecrate_1420x140":false,"thecrate_testimonials_150x150":false,"thecrate_clients_160x90":false,"thecrate_portfolio01_390x275":false,"thecrate_blogpost01_1420x170":false,"thecrate_about_600x600":false,"thecrate_testimonials02_250x530":false,"woocommerce_thumbnail":false,"woocommerce_single":false,"woocommerce_gallery_thumbnail":false},"uagb_author_info":{"display_name":"Gruntino Gruntek","author_link":"https:\/\/mojgruntek.hr\/sl\/author\/gruntino\/"},"uagb_comment_info":0,"uagb_excerpt":"[vc_row][vc_column][\/vc_column][\/vc_row][vc_row][vc_column][vc_empty_space][\/vc_column][\/vc_row][vc_row][vc_column][vc_empty_space][\/vc_column][\/vc_row][vc_row][vc_column][vc_separator css=&#8221;&#8221;][\/vc_column][\/vc_row][vc_row css_animation=&#8221;none&#8221;][vc_column width=&#8221;1\/3&#8243;][vc_column_text css_animation=&#8221;fadeIn&#8221; css=&#8221;&#8221; el_class=&#8221;custom-title-spacing&#8221;] OB SREDAH BOSTE PREJELI POVEZAVO ZA POTRDITEV NARO\u010cILA. S klikom na povezavo (veljavna je 48 ur!) odprete obrazec, v katerem potrdite svoje naro\u010dilo. V obrazcu boste potrdili ali [&hellip;]","_links":{"self":[{"href":"https:\/\/mojgruntek.hr\/sl\/wp-json\/wp\/v2\/pages\/22128","targetHints":{"allow":["GET"]}}],"collection":[{"href":"https:\/\/mojgruntek.hr\/sl\/wp-json\/wp\/v2\/pages"}],"about":[{"href":"https:\/\/mojgruntek.hr\/sl\/wp-json\/wp\/v2\/types\/page"}],"author":[{"embeddable":true,"href":"https:\/\/mojgruntek.hr\/sl\/wp-json\/wp\/v2\/users\/5"}],"replies":[{"embeddable":true,"href":"https:\/\/mojgruntek.hr\/sl\/wp-json\/wp\/v2\/comments?post=22128"}],"version-history":[{"count":97,"href":"https:\/\/mojgruntek.hr\/sl\/wp-json\/wp\/v2\/pages\/22128\/revisions"}],"predecessor-version":[{"id":23146,"href":"https:\/\/mojgruntek.hr\/sl\/wp-json\/wp\/v2\/pages\/22128\/revisions\/23146"}],"wp:attachment":[{"href":"https:\/\/mojgruntek.hr\/sl\/wp-json\/wp\/v2\/media?parent=22128"}],"curies":[{"name":"wp","href":"https:\/\/api.w.org\/{rel}","templated":true}]}}