{"id":22140,"date":"2024-11-28T02:27:17","date_gmt":"2024-11-28T01:27:17","guid":{"rendered":"https:\/\/mojgruntek.hr\/?page_id=22140"},"modified":"2026-03-02T15:24:59","modified_gmt":"2026-03-02T14:24:59","slug":"za-podjetja","status":"publish","type":"page","link":"https:\/\/mojgruntek.hr\/sl\/za-podjetja\/","title":{"rendered":"Gruntek za podjetja"},"content":{"rendered":"<div class=\"wpb-content-wrapper\"><p>[vc_row full_width=&#8221;stretch_row&#8221; animation_in_type=&#8221;transition.fadeIn&#8221; animation_in_offset=&#8221;90&#8243; animation_in_duration=&#8221;600&#8243; animation_in_delay=&#8221;0&#8243; css=&#8221;.vc_custom_1760697918666{margin-top: 0px !important;margin-right: 0px !important;margin-bottom: 0px !important;margin-left: 0px !important;padding-bottom: 0px !important;background-color: #ffffff !important;}&#8221;][vc_column css_animation=&#8221;fadeIn&#8221; css=&#8221;.vc_custom_1765370942154{padding-top: 0px !important;}&#8221;]<div class=\"title-subtile-holder\" style=\" padding-bottom:20px;\"><h2 style=\"font-size:60px;\" class=\"section-title dark_title text-center\">Gruntek za podjetja - <strong>ugodneje kot zasebno<\/strong><\/h2><div style=\"font-size:25px;  \" class=\"section-subtitle dark_subtitle text-center\">Svojim zaposlenim omogo\u010dite posebno ugodnost v obliki popusta, ki ga sami ne morejo pridobiti.<\/div><\/div>[vc_empty_space height=&#8221;12px&#8221;][vc_column_text css=&#8221;&#8221;]<\/p>\n<h4 style=\"text-align: center;\">\u0160e vedno lahko sklenemo pogodbo o ugodnostih za sezono 2026.<\/h4>\n<p>[\/vc_column_text][vc_empty_space][vc_separator css=&#8221;&#8221;][\/vc_column][\/vc_row][vc_row full_width=&#8221;stretch_row&#8221; animation_in_type=&#8221;transition.fadeIn&#8221; animation_in_offset=&#8221;90&#8243; animation_in_duration=&#8221;600&#8243; animation_in_delay=&#8221;0&#8243; css=&#8221;.vc_custom_1760697918666{margin-top: 0px !important;margin-right: 0px !important;margin-bottom: 0px !important;margin-left: 0px !important;padding-bottom: 0px !important;background-color: #ffffff !important;}&#8221;][vc_column css_animation=&#8221;fadeIn&#8221; css=&#8221;.vc_custom_1765370948227{padding-top: 0px !important;}&#8221;][vc_column_text css=&#8221;&#8221;]<\/p>\n<h5 style=\"text-align: center;\">Podjetje lahko za svoje zaposlene zagotovi poseben popust, ki je odvisen od \u0161tevila zaposlenih.<\/h5>\n<h5 class=\"my-2 [&amp;+p]:mt-4 [&amp;_strong:has(+br)]:inline-block [&amp;_strong:has(+br)]:pb-2\" style=\"text-align: center;\">Ugodnost je na voljo tudi brez sofinanciranja, z delnim sofinanciranjem naro\u010dnin pa lahko pridobite \u0161e dodatne, vi\u0161je popuste.<\/h5>\n<h5 style=\"text-align: center;\">\u00a0Gruntek podjetjem omogo\u010da, da svojim zaposlenim zagotovijo edinstveno ugodnost: doma\u010do, sve\u017eo, naravno pridelano zelenjavo iz skupnega Gruntek vrta z dostavo pred doma\u010di prag.<\/h5>\n<p>[\/vc_column_text][vc_empty_space][vc_separator][\/vc_column][\/vc_row][vc_row css_animation=&#8221;none&#8221;][vc_column width=&#8221;1\/2&#8243;][vc_column_text css_animation=&#8221;fadeIn&#8221; css=&#8221;&#8221;]<\/p>\n<h2 class=\"my-2 [&amp;+p]:mt-4 [&amp;_strong:has(+br)]:inline-block [&amp;_strong:has(+br)]:pb-2\">Ugodnosti za zaposlene:<\/h2>\n<p>&nbsp;<\/p>\n<ul class=\"marker:text-quiet list-disc\">\n<li class=\"py-0 my-0 prose-p:pt-0 prose-p:mb-2 prose-p:my-0 [&amp;&gt;p]:pt-0 [&amp;&gt;p]:mb-2 [&amp;&gt;p]:my-0\">\n<h5 class=\"my-2 [&amp;+p]:mt-4 [&amp;_strong:has(+br)]:inline-block [&amp;_strong:has(+br)]:pb-2\">doma\u010da zelenjava, pridelana brez pesticidov<\/h5>\n<\/li>\n<li class=\"py-0 my-0 prose-p:pt-0 prose-p:mb-2 prose-p:my-0 [&amp;&gt;p]:pt-0 [&amp;&gt;p]:mb-2 [&amp;&gt;p]:my-0\">\n<h5 class=\"my-2 [&amp;+p]:mt-4 [&amp;_strong:has(+br)]:inline-block [&amp;_strong:has(+br)]:pb-2\">ugodnej\u0161i pogoji kot pri zasebni naro\u010dnini<\/h5>\n<\/li>\n<li class=\"py-0 my-0 prose-p:pt-0 prose-p:mb-2 prose-p:my-0 [&amp;&gt;p]:pt-0 [&amp;&gt;p]:mb-2 [&amp;&gt;p]:my-0\">\n<h5 class=\"my-2 [&amp;+p]:mt-4 [&amp;_strong:has(+br)]:inline-block [&amp;_strong:has(+br)]:pb-2\">ve\u010d zelenjave v vsakodnevni prehrani<\/h5>\n<\/li>\n<li class=\"py-0 my-0 prose-p:pt-0 prose-p:mb-2 prose-p:my-0 [&amp;&gt;p]:pt-0 [&amp;&gt;p]:mb-2 [&amp;&gt;p]:my-0\">\n<h5 class=\"my-2 [&amp;+p]:mt-4 [&amp;_strong:has(+br)]:inline-block [&amp;_strong:has(+br)]:pb-2\">dolgoro\u010dno bolj\u0161e prehranjevalne navade<\/h5>\n<\/li>\n<li class=\"py-0 my-0 prose-p:pt-0 prose-p:mb-2 prose-p:my-0 [&amp;&gt;p]:pt-0 [&amp;&gt;p]:mb-2 [&amp;&gt;p]:my-0\">\n<h5 class=\"my-2 [&amp;+p]:mt-4 [&amp;_strong:has(+br)]:inline-block [&amp;_strong:has(+br)]:pb-2\">kar 40 razli\u010dnih kultur za ve\u010djo hranilno raznolikost<\/h5>\n<\/li>\n<li class=\"py-0 my-0 prose-p:pt-0 prose-p:mb-2 prose-p:my-0 [&amp;&gt;p]:pt-0 [&amp;&gt;p]:mb-2 [&amp;&gt;p]:my-0\">\n<h5 class=\"my-2 [&amp;+p]:mt-4 [&amp;_strong:has(+br)]:inline-block [&amp;_strong:has(+br)]:pb-2\">dostava na doma\u010di naslov ali v pisarno<\/h5>\n<\/li>\n<li class=\"py-0 my-0 prose-p:pt-0 prose-p:mb-2 prose-p:my-0 [&amp;&gt;p]:pt-0 [&amp;&gt;p]:mb-2 [&amp;&gt;p]:my-0\">\n<h5 class=\"my-2 [&amp;+p]:mt-4 [&amp;_strong:has(+br)]:inline-block [&amp;_strong:has(+br)]:pb-2\">ob\u010dutek, da jim delodajalec resni\u010dno stoji ob strani in skrbi za njihovo dobro po\u010dutje<\/h5>\n<\/li>\n<\/ul>\n<p>[\/vc_column_text][\/vc_column][vc_column width=&#8221;1\/2&#8243;][vc_column_text css_animation=&#8221;fadeIn&#8221; css=&#8221;&#8221;]<\/p>\n<h2 class=\"my-2 [&amp;+p]:mt-4 [&amp;_strong:has(+br)]:inline-block [&amp;_strong:has(+br)]:pb-2\">Ugodnosti za delodajalca:<\/h2>\n<p>&nbsp;<\/p>\n<ul>\n<li>\n<h5>bolj\u0161i ugled podjetja kot delodajalca na trgu dela<\/h5>\n<\/li>\n<li class=\"py-0 my-0 prose-p:pt-0 prose-p:mb-2 prose-p:my-0 [&amp;&gt;p]:pt-0 [&amp;&gt;p]:mb-2 [&amp;&gt;p]:my-0\">\n<h5 class=\"my-2 [&amp;+p]:mt-4 [&amp;_strong:has(+br)]:inline-block [&amp;_strong:has(+br)]:pb-2\">bolj\u0161i rezultati anket o zadovoljstvu zaposlenih<\/h5>\n<\/li>\n<li class=\"py-0 my-0 prose-p:pt-0 prose-p:mb-2 prose-p:my-0 [&amp;&gt;p]:pt-0 [&amp;&gt;p]:mb-2 [&amp;&gt;p]:my-0\">\n<h5 class=\"my-2 [&amp;+p]:mt-4 [&amp;_strong:has(+br)]:inline-block [&amp;_strong:has(+br)]:pb-2\">prispevek k dru\u017ebeni odgovornosti (donacije ko\u0161aric z zelenjavo otro\u0161kim domovom)<\/h5>\n<\/li>\n<li class=\"py-0 my-0 prose-p:pt-0 prose-p:mb-2 prose-p:my-0 [&amp;&gt;p]:pt-0 [&amp;&gt;p]:mb-2 [&amp;&gt;p]:my-0\">\n<h5 class=\"my-2 [&amp;+p]:mt-4 [&amp;_strong:has(+br)]:inline-block [&amp;_strong:has(+br)]:pb-2\">ugodnost, ki se dejansko uporablja in prina\u0161a merljive rezultate<\/h5>\n<\/li>\n<li class=\"py-0 my-0 prose-p:pt-0 prose-p:mb-2 prose-p:my-0 [&amp;&gt;p]:pt-0 [&amp;&gt;p]:mb-2 [&amp;&gt;p]:my-0\">\n<h5 class=\"my-2 [&amp;+p]:mt-4 [&amp;_strong:has(+br)]:inline-block [&amp;_strong:has(+br)]:pb-2\">potencialno manj bolni\u0161kih odsotnosti zaradi bolj\u0161ih prehranjevalnih navad<\/h5>\n<\/li>\n<li class=\"py-0 my-0 prose-p:pt-0 prose-p:mb-2 prose-p:my-0 [&amp;&gt;p]:pt-0 [&amp;&gt;p]:mb-2 [&amp;&gt;p]:my-0\">\n<h5 class=\"my-2 [&amp;+p]:mt-4 [&amp;_strong:has(+br)]:inline-block [&amp;_strong:has(+br)]:pb-2\">usklajenost z ESG standardi + letni kontrolni seznam<\/h5>\n<\/li>\n<li class=\"py-0 my-0 prose-p:pt-0 prose-p:mb-2 prose-p:my-0 [&amp;&gt;p]:pt-0 [&amp;&gt;p]:mb-2 [&amp;&gt;p]:my-0\">\n<h5 class=\"my-2 [&amp;+p]:mt-4 [&amp;_strong:has(+br)]:inline-block [&amp;_strong:has(+br)]:pb-2\">Gruntek prevzame celotno organizacijo in administracijo programa<\/h5>\n<\/li>\n<\/ul>\n<p>[\/vc_column_text][\/vc_column][\/vc_row][vc_row css_animation=&#8221;none&#8221;][vc_column][vc_empty_space][vc_column_text css_animation=&#8221;fadeIn&#8221; css=&#8221;&#8221;]<\/p>\n<h2 style=\"text-align: left;\"><span style=\"color: #000000;\">Kako deluje<\/span><\/h2>\n<p>[\/vc_column_text][vc_empty_space][\/vc_column][\/vc_row][vc_row css_animation=&#8221;none&#8221;][vc_column width=&#8221;1\/2&#8243;][vc_column_text css_animation=&#8221;fadeIn&#8221; css=&#8221;&#8221;]<\/p>\n<h5>1) Zmenimo se za kratek sestanek<\/h5>\n<p>Spoznamo va\u0161e potrebe, \u0161tevilo zaposlenih in \u017eeljeni model ugodnosti (s sofinanciranjem ali brez).[\/vc_column_text][\/vc_column][vc_column width=&#8221;1\/2&#8243;][vc_column_text css_animation=&#8221;fadeIn&#8221; css=&#8221;&#8221;]<\/p>\n<h5>2) Dolo\u010dite model sofinanciranja<\/h5>\n<p>Podjetje izbere, ali \u017eeli kriti del naro\u010dnine ali ne; sofinanciranje \u017ee od 12 EUR mese\u010dno na zaposlenega omogo\u010da bistveno vi\u0161ji popust.[\/vc_column_text][\/vc_column][\/vc_row][vc_row css_animation=&#8221;none&#8221;][vc_column width=&#8221;1\/2&#8243;][vc_column_text css_animation=&#8221;fadeIn&#8221; css=&#8221;&#8221;]<\/p>\n<h5>3) Podpi\u0161ete pogodbo o brezpla\u010dni employer branding kampanji<\/h5>\n<p>Prejmete komunikacijski paket, Gruntek pa poskrbi za promocijo va\u0161ega podjetja kot odgovornega in skrbnega delodajalca.[\/vc_column_text][\/vc_column][vc_column width=&#8221;1\/2&#8243;][vc_column_text css_animation=&#8221;fadeIn&#8221; css=&#8221;&#8221;]<\/p>\n<h5>4) Brez administracije \u2013 za vse poskrbi Gruntek<\/h5>\n<p>Zaposleni se z \u017ee dogovorjenim popustom registrirajo neposredno na na\u0161i spletni strani, podjetje pa nima nobenih administrativnih obveznosti.[\/vc_column_text][\/vc_column][\/vc_row][vc_row css_animation=&#8221;none&#8221;][vc_column][vc_empty_space][vc_empty_space][vc_column_text css_animation=&#8221;fadeIn&#8221; css=&#8221;&#8221;]<\/p>\n<h4 class=\"my-2 [&amp;+p]:mt-4 [&amp;_strong:has(+br)]:inline-block [&amp;_strong:has(+br)]:pb-2\" style=\"text-align: center;\">Uvedite ugodnost, ki se pozna v vsakdanjem \u017eivljenju in zaposlene spreminja v \u0161e bolj zadovoljne \u010dlane tima.<\/h4>\n<h4 style=\"text-align: center;\"><\/h4>\n<div class=\"prose dark:prose-invert inline leading-relaxed break-words min-w-0 [word-break:break-word] prose-strong:font-bold [&amp;_&gt;*:first-child]:mt-0 [&amp;_&gt;*:last-child]:mb-0\">\n<h4 class=\"my-2 [&amp;+p]:mt-4 [&amp;_strong:has(+br)]:inline-block [&amp;_strong:has(+br)]:pb-2\" style=\"text-align: center;\">Zaupajte nam svoje potrebe in skupaj pripravimo ugodnost, ki bo va\u0161o ekipo v sezoni 2026 vsak teden razveseljevala z doma\u010do zelenjavo.<\/h4>\n<\/div>\n<p>[\/vc_column_text][\/vc_column][\/vc_row][vc_row full_width=&#8221;stretch_row&#8221; css=&#8221;.vc_custom_1734655959621{margin-top: 0px !important;margin-bottom: 0px !important;padding-top: 50px !important;padding-bottom: 60px !important;}&#8221;][vc_column][vc_separator][vc_empty_space]<div class=\"title-subtile-holder\" style=\" \"><h2 style=\"font-size:70px;\" class=\"section-title dark_title text-center\">Pridobite poseben Gruntek popust <strong>za svoje podjetje<\/strong><\/h2><div style=\"  \" class=\"section-subtitle dark_subtitle text-center\">Vnesite svoje podatke in iz prve roke spoznajte vse o Gruntek ugodnosti za podjetja.<\/div><\/div>[vc_empty_space][\/vc_column][\/vc_row][vc_row css_animation=&#8221;fadeIn&#8221;][vc_column]\n<div class=\"wpcf7 no-js\" id=\"wpcf7-f22546-o1\" lang=\"sl-SI\" dir=\"ltr\" data-wpcf7-id=\"22546\">\n<div class=\"screen-reader-response\"><p role=\"status\" aria-live=\"polite\" aria-atomic=\"true\"><\/p> <ul><\/ul><\/div>\n<form action=\"\/sl\/wp-json\/wp\/v2\/pages\/22140#wpcf7-f22546-o1\" method=\"post\" class=\"wpcf7-form init\" aria-label=\"Contact form\" novalidate=\"novalidate\" data-status=\"init\">\n<fieldset class=\"hidden-fields-container\"><input type=\"hidden\" name=\"_wpcf7\" value=\"22546\" \/><input type=\"hidden\" name=\"_wpcf7_version\" value=\"6.1.4\" \/><input type=\"hidden\" name=\"_wpcf7_locale\" value=\"sl_SI\" \/><input type=\"hidden\" name=\"_wpcf7_unit_tag\" value=\"wpcf7-f22546-o1\" \/><input type=\"hidden\" name=\"_wpcf7_container_post\" value=\"0\" \/><input type=\"hidden\" name=\"_wpcf7_posted_data_hash\" value=\"\" \/>\n<\/fieldset>\n<div class=\"row\">\n\t<div class=\"col-md-6\">\n\t\t<p><span class=\"wpcf7-form-control-wrap\" data-name=\"first-name\"><input size=\"40\" maxlength=\"400\" class=\"wpcf7-form-control wpcf7-text wpcf7-validates-as-required\" aria-required=\"true\" aria-invalid=\"false\" placeholder=\"Ime*\" value=\"\" type=\"text\" name=\"first-name\" \/><\/span>\n\t\t<\/p>\n\t<\/div>\n\t<div class=\"col-md-6\">\n\t\t<p><span class=\"wpcf7-form-control-wrap\" data-name=\"last-name\"><input size=\"40\" maxlength=\"400\" class=\"wpcf7-form-control wpcf7-text wpcf7-validates-as-required\" aria-required=\"true\" aria-invalid=\"false\" placeholder=\"Priimek*\" value=\"\" type=\"text\" name=\"last-name\" \/><\/span>\n\t\t<\/p>\n\t<\/div>\n\t<div class=\"col-md-6\">\n\t\t<p><span class=\"wpcf7-form-control-wrap\" data-name=\"company\"><input size=\"40\" maxlength=\"400\" class=\"wpcf7-form-control wpcf7-text\" aria-invalid=\"false\" placeholder=\"Podjetje\" value=\"\" type=\"text\" name=\"company\" \/><\/span>\n\t\t<\/p>\n\t<\/div>\n\t<div class=\"col-md-6\">\n\t\t<p><span class=\"wpcf7-form-control-wrap\" data-name=\"business-email\"><input size=\"40\" maxlength=\"400\" class=\"wpcf7-form-control wpcf7-email wpcf7-validates-as-required wpcf7-text wpcf7-validates-as-email\" aria-required=\"true\" aria-invalid=\"false\" placeholder=\"Slu\u017ebeni e-mail*\" value=\"\" type=\"email\" name=\"business-email\" \/><\/span>\n\t\t<\/p>\n\t<\/div>\n\t<div class=\"col-md-6\">\n\t\t<p><span class=\"wpcf7-form-control-wrap\" data-name=\"mobile\"><input size=\"40\" maxlength=\"400\" class=\"wpcf7-form-control wpcf7-tel wpcf7-text wpcf7-validates-as-tel\" aria-invalid=\"false\" placeholder=\"Mobitel\" value=\"\" type=\"tel\" name=\"mobile\" \/><\/span>\n\t\t<\/p>\n\t<\/div>\n\t<div class=\"col-md-6\">\n\t\t<p><span class=\"wpcf7-form-control-wrap\" data-name=\"employees-number\"><select class=\"wpcf7-form-control wpcf7-select\" aria-invalid=\"false\" name=\"employees-number\"><option value=\"\u0160tevilo zaposlenih\">\u0160tevilo zaposlenih<\/option><option value=\"1-10\">1-10<\/option><option value=\"11-50\">11-50<\/option><option value=\"51-200\">51-200<\/option><option value=\"200+\">200+<\/option><\/select><\/span>\n\t\t<\/p>\n\t<\/div>\n\t<div class=\"col-md-12\">\n\t\t<p><br \/>\n<span class=\"wpcf7-form-control-wrap\" data-name=\"role\"><span class=\"wpcf7-form-control wpcf7-radio\"><span class=\"wpcf7-list-item first\"><input type=\"radio\" name=\"role\" value=\"Delodajalec (\u017delim Gruntek)\" \/><span class=\"wpcf7-list-item-label\">Delodajalec (\u017delim Gruntek)<\/span><\/span><span class=\"wpcf7-list-item last\"><input type=\"radio\" name=\"role\" value=\"Delavec (\u017eelim da moja firma sofinancira* Gruntek)\" \/><span class=\"wpcf7-list-item-label\">Delavec (\u017eelim da moja firma sofinancira* Gruntek)<\/span><\/span><\/span><\/span>\n\t\t<\/p>\n\t<\/div>\n\t<div class=\"col-md-12\">\n\t\t<p><span class=\"wpcf7-form-control-wrap\" data-name=\"heard-about\"><select class=\"wpcf7-form-control wpcf7-select\" aria-invalid=\"false\" name=\"heard-about\"><option value=\"Kje ste sli\u0161ali za nas?\">Kje ste sli\u0161ali za nas?<\/option><option value=\"Preko prijatelja\">Preko prijatelja<\/option><option value=\"Dru\u017ebena omre\u017eja\">Dru\u017ebena omre\u017eja<\/option><option value=\"Iskanje prek Googla\">Iskanje prek Googla<\/option><option value=\"E-novi\u010dnik\">E-novi\u010dnik<\/option><option value=\"Medijski \u010dlanki\">Medijski \u010dlanki<\/option><\/select><\/span>\n\t\t<\/p>\n\t<\/div>\n\t<div class=\"col-md-12\">\n\t\t<div class=\"clearfix\">\n\t\t<\/div>\n\t\t<p class=\"text-center\"><input class=\"wpcf7-form-control wpcf7-submit has-spinner\" type=\"submit\" value=\"Po\u0161lji\" \/>\n\t\t<\/p>\n\t<\/div>\n<\/div><div class=\"wpcf7-response-output\" aria-hidden=\"true\"><\/div>\n<\/form>\n<\/div>\n[\/vc_column][\/vc_row][vc_row][vc_column css=&#8221;.vc_custom_1771922808350{margin-bottom: 30px !important;}&#8221;][vc_empty_space]<div class=\"title-subtile-holder\" style=\" \"><h2 style=\"\" class=\"section-title dark_title text-center\">Podjetja, ki soustvarjajo <strong>prihodnost z Gruntekom.<\/strong><\/h2><div style=\"  \" class=\"section-subtitle dark_subtitle text-center\"><\/div><\/div>[vc_empty_space][vc_separator css=&#8221;&#8221;][\/vc_column][\/vc_row][vc_row css=&#8221;.vc_custom_1771574081198{padding-bottom: 10px !important;}&#8221;][vc_column width=&#8221;1\/3&#8243;][vc_single_image image=&#8221;22182&#8243; img_size=&#8221;640 x 320&#8243; alignment=&#8221;center&#8221; css_animation=&#8221;fadeIn&#8221; css=&#8221;&#8221;][\/vc_column][vc_column width=&#8221;1\/3&#8243;][vc_single_image image=&#8221;22185&#8243; img_size=&#8221;640 x 320&#8243; alignment=&#8221;center&#8221; css_animation=&#8221;fadeIn&#8221; css=&#8221;&#8221;][\/vc_column][vc_column width=&#8221;1\/3&#8243;][vc_single_image image=&#8221;22179&#8243; img_size=&#8221;640 x 320&#8243; alignment=&#8221;center&#8221; css_animation=&#8221;fadeIn&#8221; css=&#8221;&#8221;][\/vc_column][\/vc_row][vc_row css=&#8221;.vc_custom_1771574061761{padding-top: 10px !important;padding-bottom: 10px !important;}&#8221;][vc_column width=&#8221;1\/3&#8243;][vc_single_image image=&#8221;22170&#8243; img_size=&#8221;640 x 320&#8243; alignment=&#8221;center&#8221; css_animation=&#8221;fadeIn&#8221; css=&#8221;&#8221;][\/vc_column][vc_column width=&#8221;1\/3&#8243;][vc_single_image image=&#8221;22186&#8243; img_size=&#8221;640 x 320&#8243; alignment=&#8221;center&#8221; css_animation=&#8221;fadeIn&#8221; css=&#8221;&#8221;][\/vc_column][vc_column width=&#8221;1\/3&#8243;][vc_single_image image=&#8221;22181&#8243; img_size=&#8221;640 x 320&#8243; alignment=&#8221;center&#8221; css_animation=&#8221;fadeIn&#8221; css=&#8221;&#8221;][\/vc_column][\/vc_row][vc_row css=&#8221;.vc_custom_1771574086971{padding-top: 10px !important;padding-bottom: 10px !important;}&#8221;][vc_column width=&#8221;1\/3&#8243;][vc_single_image image=&#8221;22171&#8243; img_size=&#8221;640 x 320&#8243; alignment=&#8221;center&#8221; css_animation=&#8221;fadeIn&#8221; css=&#8221;&#8221;][\/vc_column][vc_column width=&#8221;1\/3&#8243;][vc_single_image image=&#8221;22175&#8243; img_size=&#8221;640 x 320&#8243; alignment=&#8221;center&#8221; css_animation=&#8221;fadeIn&#8221; css=&#8221;&#8221;][\/vc_column][vc_column width=&#8221;1\/3&#8243;][vc_single_image image=&#8221;22172&#8243; img_size=&#8221;640 x 320&#8243; alignment=&#8221;center&#8221; css_animation=&#8221;fadeIn&#8221; css=&#8221;&#8221;][\/vc_column][\/vc_row][vc_row css=&#8221;.vc_custom_1771574086971{padding-top: 10px !important;padding-bottom: 10px !important;}&#8221;][vc_column width=&#8221;1\/3&#8243;][vc_single_image image=&#8221;22174&#8243; img_size=&#8221;640 x 640&#8243; alignment=&#8221;center&#8221; css_animation=&#8221;fadeIn&#8221; css=&#8221;&#8221;][\/vc_column][vc_column width=&#8221;1\/3&#8243;][vc_single_image image=&#8221;22169&#8243; img_size=&#8221;640 x 320&#8243; alignment=&#8221;center&#8221; css_animation=&#8221;fadeIn&#8221; css=&#8221;&#8221;][\/vc_column][vc_column width=&#8221;1\/3&#8243;][\/vc_column][\/vc_row][vc_row][vc_column][\/vc_column][\/vc_row]<\/p>\n<\/div>","protected":false},"excerpt":{"rendered":"<p>[vc_row full_width=&#8221;stretch_row&#8221; animation_in_type=&#8221;transition.fadeIn&#8221; animation_in_offset=&#8221;90&#8243; animation_in_duration=&#8221;600&#8243; animation_in_delay=&#8221;0&#8243; css=&#8221;.vc_custom_1760697918666{margin-top: 0px !important;margin-right: 0px !important;margin-bottom: 0px !important;margin-left: 0px !important;padding-bottom: 0px !important;background-color: #ffffff !important;}&#8221;][vc_column css_animation=&#8221;fadeIn&#8221; css=&#8221;.vc_custom_1765370942154{padding-top: 0px !important;}&#8221;][vc_empty_space height=&#8221;12px&#8221;][vc_column_text css=&#8221;&#8221;] \u0160e vedno lahko sklenemo pogodbo o ugodnostih za sezono 2026. [&hellip;]<\/p>\n","protected":false},"author":1154,"featured_media":0,"parent":0,"menu_order":0,"comment_status":"closed","ping_status":"closed","template":"","meta":{"_uag_custom_page_level_css":"","footnotes":""},"class_list":["post-22140","page","type-page","status-publish","hentry"],"uagb_featured_image_src":{"full":false,"thumbnail":false,"medium":false,"medium_large":false,"large":false,"tf-client-image-size":false,"1536x1536":false,"2048x2048":false,"thecrate_related_post_pic700x400":false,"thecrate_post_pic700x450":false,"thecrate_post_widget_pic70x70":false,"thecrate_530x600":false,"thecrate_1300x650":false,"thecrate_1420x140":false,"thecrate_testimonials_150x150":false,"thecrate_clients_160x90":false,"thecrate_portfolio01_390x275":false,"thecrate_blogpost01_1420x170":false,"thecrate_about_600x600":false,"thecrate_testimonials02_250x530":false,"woocommerce_thumbnail":false,"woocommerce_single":false,"woocommerce_gallery_thumbnail":false},"uagb_author_info":{"display_name":"Ivan Dekovic","author_link":"https:\/\/mojgruntek.hr\/sl\/author\/idekovic\/"},"uagb_comment_info":0,"uagb_excerpt":"[vc_row full_width=&#8221;stretch_row&#8221; animation_in_type=&#8221;transition.fadeIn&#8221; animation_in_offset=&#8221;90&#8243; animation_in_duration=&#8221;600&#8243; animation_in_delay=&#8221;0&#8243; css=&#8221;.vc_custom_1760697918666{margin-top: 0px !important;margin-right: 0px !important;margin-bottom: 0px !important;margin-left: 0px !important;padding-bottom: 0px !important;background-color: #ffffff !important;}&#8221;][vc_column css_animation=&#8221;fadeIn&#8221; css=&#8221;.vc_custom_1765370942154{padding-top: 0px !important;}&#8221;][vc_empty_space height=&#8221;12px&#8221;][vc_column_text css=&#8221;&#8221;] \u0160e vedno lahko sklenemo pogodbo o ugodnostih za sezono 2026. [&hellip;]","_links":{"self":[{"href":"https:\/\/mojgruntek.hr\/sl\/wp-json\/wp\/v2\/pages\/22140","targetHints":{"allow":["GET"]}}],"collection":[{"href":"https:\/\/mojgruntek.hr\/sl\/wp-json\/wp\/v2\/pages"}],"about":[{"href":"https:\/\/mojgruntek.hr\/sl\/wp-json\/wp\/v2\/types\/page"}],"author":[{"embeddable":true,"href":"https:\/\/mojgruntek.hr\/sl\/wp-json\/wp\/v2\/users\/1154"}],"replies":[{"embeddable":true,"href":"https:\/\/mojgruntek.hr\/sl\/wp-json\/wp\/v2\/comments?post=22140"}],"version-history":[{"count":8,"href":"https:\/\/mojgruntek.hr\/sl\/wp-json\/wp\/v2\/pages\/22140\/revisions"}],"predecessor-version":[{"id":22553,"href":"https:\/\/mojgruntek.hr\/sl\/wp-json\/wp\/v2\/pages\/22140\/revisions\/22553"}],"wp:attachment":[{"href":"https:\/\/mojgruntek.hr\/sl\/wp-json\/wp\/v2\/media?parent=22140"}],"curies":[{"name":"wp","href":"https:\/\/api.w.org\/{rel}","templated":true}]}}