{"id":22309,"date":"2024-11-28T02:30:55","date_gmt":"2024-11-28T01:30:55","guid":{"rendered":"https:\/\/mojgruntek.hr\/kontakt-2\/"},"modified":"2026-03-02T17:59:01","modified_gmt":"2026-03-02T16:59:01","slug":"kontakt-si","status":"publish","type":"page","link":"https:\/\/mojgruntek.hr\/sl\/kontakt-si\/","title":{"rendered":"Kontakt"},"content":{"rendered":"<div class=\"wpb-content-wrapper\"><p>[vc_row full_width=&#8221;stretch_row&#8221; animation_in_type=&#8221;transition.fadeIn&#8221; animation_in_offset=&#8221;90&#8243; animation_in_duration=&#8221;600&#8243; animation_in_delay=&#8221;0&#8243; css=&#8221;.vc_custom_1733080333338{margin-top: 40px !important;margin-right: 0px !important;margin-bottom: 0px !important;margin-left: 0px !important;padding-bottom: 40px !important;background-color: #ffffff !important;}&#8221;][vc_column css=&#8221;.vc_custom_1450339501388{padding-top: 0px !important;}&#8221;]<div class=\"title-subtile-holder\" style=\" padding-bottom:20px;\"><h2 style=\"\" class=\"section-title dark_title text-center\"> <strong>Pi\u0161i nam<\/strong><\/h2><div style=\"  \" class=\"section-subtitle dark_subtitle text-center\">Kar se da hitro vam bomo odgovorili na vsa va\u0161a vpra\u0161anja o Grunteku.<\/p>\n<p>Na\u0161 inovativni Gruntek AI obdeluje vse poizvedbe in zahteve \u2013 informativne in administrativne \u2013 natan\u010dno in podrobno.<br \/>\nPrek e\u2011po\u0161te, kontaktnega obrazca ali WhatsAppa nam po\u0161ljite svoje vpra\u0161anje, na\u0161 Gruntek AI pa vam bo hitro odgovoril.<\/p>\n<p>Upamo, da bomo tako izbolj\u0161ali uporabni\u0161ko podporo in celotno izku\u0161njo storitve.<br \/>\nVeselimo se va\u0161ih povratnih informacij.<\/div><\/div>[\/vc_column][\/vc_row][vc_row full_width=&#8221;stretch_row&#8221; css=&#8221;.vc_custom_1630616536471{margin-top: 0px !important;margin-bottom: 0px !important;padding-top: 90px !important;padding-bottom: 60px !important;}&#8221;][vc_column][vc_row_inner css=&#8221;.vc_custom_1477162338390{margin-top: 0px !important;margin-bottom: 0px !important;padding-top: 0px !important;padding-bottom: 0px !important;}&#8221;][vc_column_inner width=&#8221;2\/3&#8243;]\n<div class=\"wpcf7 no-js\" id=\"wpcf7-f22519-o1\" lang=\"sl-SI\" dir=\"ltr\" data-wpcf7-id=\"22519\">\n<div class=\"screen-reader-response\"><p role=\"status\" aria-live=\"polite\" aria-atomic=\"true\"><\/p> <ul><\/ul><\/div>\n<form action=\"\/sl\/wp-json\/wp\/v2\/pages\/22309#wpcf7-f22519-o1\" method=\"post\" class=\"wpcf7-form init\" aria-label=\"Contact form\" novalidate=\"novalidate\" data-status=\"init\">\n<fieldset class=\"hidden-fields-container\"><input type=\"hidden\" name=\"_wpcf7\" value=\"22519\" \/><input type=\"hidden\" name=\"_wpcf7_version\" value=\"6.1.4\" \/><input type=\"hidden\" name=\"_wpcf7_locale\" value=\"sl_SI\" \/><input type=\"hidden\" name=\"_wpcf7_unit_tag\" value=\"wpcf7-f22519-o1\" \/><input type=\"hidden\" name=\"_wpcf7_container_post\" value=\"0\" \/><input type=\"hidden\" name=\"_wpcf7_posted_data_hash\" value=\"\" \/>\n<\/fieldset>\n<div class=\"row\">\n\t<div class=\"col-md-6\">\n\t\t<p><span class=\"wpcf7-form-control-wrap\" data-name=\"your-name\"><input size=\"40\" maxlength=\"400\" class=\"wpcf7-form-control wpcf7-text wpcf7-validates-as-required\" aria-required=\"true\" aria-invalid=\"false\" placeholder=\"ime in priimek*\" value=\"\" type=\"text\" name=\"your-name\" \/><\/span>\n\t\t<\/p>\n\t<\/div>\n\t<div class=\"col-md-6\">\n\t\t<p><span class=\"wpcf7-form-control-wrap\" data-name=\"your-email\"><input size=\"40\" maxlength=\"400\" class=\"wpcf7-form-control wpcf7-email wpcf7-validates-as-required wpcf7-text wpcf7-validates-as-email\" aria-required=\"true\" aria-invalid=\"false\" placeholder=\"E-mail*\" value=\"\" type=\"email\" name=\"your-email\" \/><\/span>\n\t\t<\/p>\n\t<\/div>\n\t<div class=\"col-md-6\">\n\t\t<p><span class=\"wpcf7-form-control-wrap\" data-name=\"tel-625\"><input size=\"40\" maxlength=\"400\" class=\"wpcf7-form-control wpcf7-tel wpcf7-text wpcf7-validates-as-tel\" aria-invalid=\"false\" placeholder=\"\u0160tevilka*\" value=\"\" type=\"tel\" name=\"tel-625\" \/><\/span>\n\t\t<\/p>\n\t<\/div>\n\t<div class=\"col-md-6\">\n\t\t<div class=\"clearfix\">\n\t\t<\/div>\n\t\t<p><span class=\"wpcf7-form-control-wrap\" data-name=\"menu-165\"><select class=\"wpcf7-form-control wpcf7-select\" aria-invalid=\"false\" name=\"menu-165\"><option value=\"Izberi zadevo\">Izberi zadevo<\/option><option value=\"Naro\u010dnina\">Naro\u010dnina<\/option><option value=\"Reklamacija\">Reklamacija<\/option><option value=\"Dostava\">Dostava<\/option><option value=\"Ostalo\">Ostalo<\/option><\/select><\/span>\n\t\t<\/p>\n\t\t<div class=\"clearfix\">\n\t\t<\/div>\n\t<\/div>\n\t<div class=\"col-md-12\">\n\t\t<div class=\"clearfix\">\n\t\t<\/div>\n\t\t<p><span class=\"wpcf7-form-control-wrap\" data-name=\"your-message\"><textarea cols=\"25\" rows=\"5\" maxlength=\"2000\" class=\"wpcf7-form-control wpcf7-textarea\" aria-invalid=\"false\" placeholder=\"Vpra\u0161anje *\" name=\"your-message\"><\/textarea><\/span>\n\t\t<\/p>\n\t\t<div class=\"clearfix\">\n\t\t<\/div>\n\t\t<p><span class=\"wpcf7-form-control-wrap\" data-name=\"quiz-459\"><label><span class=\"wpcf7-quiz-label\">Potrdi da nisi robot. Koliko je 2+3=<\/span> <input size=\"40\" class=\"wpcf7-form-control wpcf7-quiz\" autocomplete=\"off\" aria-required=\"true\" aria-invalid=\"false\" type=\"text\" name=\"quiz-459\" \/><\/label><input type=\"hidden\" name=\"_wpcf7_quiz_answer_quiz-459\" value=\"20c16b7183eea136c637a83da2581b9c\" \/><\/span>\n\t\t<\/p>\n\t\t<p class=\"text-center\"><input class=\"wpcf7-form-control wpcf7-submit has-spinner\" type=\"submit\" value=\"Po\u0161lji\" \/>\n\t\t<\/p>\n\t<\/div>\n<\/div><div class=\"wpcf7-response-output\" aria-hidden=\"true\"><\/div>\n<\/form>\n<\/div>\n[\/vc_column_inner][vc_column_inner width=&#8221;1\/3&#8243; css=&#8221;.vc_custom_1635882490401{padding-left: 30px !important;}&#8221;][vc_custom_heading text=&#8221;NASLOV&#8221; font_container=&#8221;tag:h4|text_align:left|color:%23232331&#8243; use_theme_fonts=&#8221;yes&#8221; css=&#8221;.vc_custom_1732763850360{margin-top: 0px !important;}&#8221;][vc_column_text css=&#8221;&#8221;]<\/p>\n<p style=\"text-align: left;\"><span style=\"color: #a3a29e;\">Proizvodnja: Prokljuvani 22, 43240, Prokljuvani<\/span><\/p>\n<p style=\"text-align: left;\"><span style=\"color: #a3a29e;\">Pisarna: Meduli\u0107eva 11, 10000, Zagreb<\/span><\/p>\n<p>[\/vc_column_text][vc_empty_space height=&#8221;30px&#8221;][vc_custom_heading text=&#8221;Slu\u017eba za pomo\u010d uporabnikom&#8221; font_container=&#8221;tag:h4|text_align:left|color:%23232331&#8243; use_theme_fonts=&#8221;yes&#8221; css=&#8221;&#8221;][vc_column_text css=&#8221;&#8221;]<\/p>\n<p style=\"text-align: left;\"><span style=\"color: #a3a29e;\"><span style=\"color: #75746f;\"><span style=\"color: #000000;\"><b>Telefonska slu\u017eba za pomo\u010d uporabnikom je na voljo samo v \u010dasu sezone dostav. <\/b><\/span><br \/>\n<\/span><\/span><\/p>\n<p style=\"text-align: left;\"><span style=\"color: #a3a29e;\"><span style=\"color: #75746f;\">E-po\u0161tni naslov za podporo uporabnikom: i<strong style=\"color: #75746f;\"><span style=\"color: #000000;\"><span style=\"color: #75746f;\">nfo@mojgruntek.hr<\/span><\/span><\/strong><\/span><\/span><\/p>\n<p><strong>WhatsApp sporo\u010dila za uporabnike:<\/strong> +385924011354<\/p>\n<p>Na\u0161 inovativni Gruntek AI obravnava vsa vpra\u0161anja in zahteve hitro in temeljito.[\/vc_column_text][vc_empty_space height=&#8221;30px&#8221;][vc_custom_heading text=&#8221;PRODAJA&#8221; font_container=&#8221;tag:h4|text_align:left|color:%23232331&#8243; use_theme_fonts=&#8221;yes&#8221; css=&#8221;&#8221;][vc_column_text css=&#8221;&#8221;]<strong>Za vsa vpra\u0161anja vam je na voljo na\u0161 Gruntek AI:<\/strong><\/p>\n<p><strong>Email: <\/strong>prodaja@mojgruntek.hr<\/p>\n<p><strong>WhatsApp sporo\u010dila:<\/strong> +385924011354<\/p>\n<p>Na\u0161 inovativni Gruntek AI obravnava vsa vpra\u0161anja in zahteve hitro in podrobno.[\/vc_column_text][vc_empty_space height=&#8221;30px&#8221;][vc_custom_heading text=&#8221;DOSTAVA NA PREVZEMNO MESTO&#8221; font_container=&#8221;tag:h4|text_align:left|color:%23232331&#8243; use_theme_fonts=&#8221;yes&#8221; css=&#8221;&#8221;][vc_column_text css=&#8221;&#8221;]<\/p>\n<p style=\"text-align: left;\"><span style=\"color: #75746f;\"><span style=\"color: #75746f;\"><strong>Telefon<\/strong>:<\/span> +385957390720 (klice sprejemamo samo <span style=\"text-decoration: underline;\">na dan dostave<\/span>, med 16.00 in 20.00)<br \/><\/span><\/p>\n<p>[\/vc_column_text][\/vc_column_inner][\/vc_row_inner][\/vc_column][\/vc_row][vc_row full_width=&#8221;stretch_row_content_no_spaces&#8221; full_height=&#8221;yes&#8221; css=&#8221;.vc_custom_1733790788105{margin-bottom: 0px !important;}&#8221;][vc_column][vc_gmaps link=&#8221;#E-8_JTNDaWZyYW1lJTIwc3JjJTNEJTIyaHR0cHMlM0ElMkYlMkZ3d3cuZ29vZ2xlLmNvbSUyRm1hcHMlMkZlbWJlZCUzRnBiJTNEJTIxMW0xOCUyMTFtMTIlMjExbTMlMjExZDM1NTEuOTI4Nzk0MTY5MzY0NyUyMTJkMTYuNTcwNzExOTk5OTk5OTk3JTIxM2Q0NS43NjAxMTk0JTIxMm0zJTIxMWYwJTIxMmYwJTIxM2YwJTIxM20yJTIxMWkxMDI0JTIxMmk3NjglMjE0ZjEzLjElMjEzbTMlMjExbTIlMjExczB4NDc2NjViNWM3NTNiNjhjZiUyNTNBMHhhNTM0MTNmNzBhY2YxMGQwJTIxMnNHcnVudGVrJTIxNWUxJTIxM20yJTIxMXNociUyMTJzaHIlMjE0djE3MzI3NjM4MjYzMzElMjE1bTIlMjExc2hyJTIxMnNociUyMiUyMHdpZHRoJTNEJTIyNjAwJTIyJTIwaGVpZ2h0JTNEJTIyNDUwJTIyJTIwc3R5bGUlM0QlMjJib3JkZXIlM0EwJTNCJTIyJTIwYWxsb3dmdWxsc2NyZWVuJTNEJTIyJTIyJTIwbG9hZGluZyUzRCUyMmxhenklMjIlMjByZWZlcnJlcnBvbGljeSUzRCUyMm5vLXJlZmVycmVyLXdoZW4tZG93bmdyYWRlJTIyJTNFJTNDJTJGaWZyYW1lJTNF&#8221; size=&#8221;450&#8243; css=&#8221;&#8221; el_class=&#8221;black-white-effect&#8221;][\/vc_column][\/vc_row]<\/p>\n<\/div>","protected":false},"excerpt":{"rendered":"<p>[vc_row full_width=&#8221;stretch_row&#8221; animation_in_type=&#8221;transition.fadeIn&#8221; animation_in_offset=&#8221;90&#8243; animation_in_duration=&#8221;600&#8243; animation_in_delay=&#8221;0&#8243; css=&#8221;.vc_custom_1733080333338{margin-top: 40px !important;margin-right: 0px !important;margin-bottom: 0px !important;margin-left: 0px !important;padding-bottom: 40px !important;background-color: #ffffff !important;}&#8221;][vc_column css=&#8221;.vc_custom_1450339501388{padding-top: 0px !important;}&#8221;][\/vc_column][\/vc_row][vc_row full_width=&#8221;stretch_row&#8221; css=&#8221;.vc_custom_1630616536471{margin-top: 0px !important;margin-bottom: 0px !important;padding-top: 90px !important;padding-bottom: 60px !important;}&#8221;][vc_column][vc_row_inner css=&#8221;.vc_custom_1477162338390{margin-top: 0px !important;margin-bottom: [&hellip;]<\/p>\n","protected":false},"author":500,"featured_media":0,"parent":0,"menu_order":0,"comment_status":"closed","ping_status":"closed","template":"","meta":{"_uag_custom_page_level_css":"","footnotes":""},"class_list":["post-22309","page","type-page","status-publish","hentry"],"uagb_featured_image_src":{"full":false,"thumbnail":false,"medium":false,"medium_large":false,"large":false,"tf-client-image-size":false,"1536x1536":false,"2048x2048":false,"thecrate_related_post_pic700x400":false,"thecrate_post_pic700x450":false,"thecrate_post_widget_pic70x70":false,"thecrate_530x600":false,"thecrate_1300x650":false,"thecrate_1420x140":false,"thecrate_testimonials_150x150":false,"thecrate_clients_160x90":false,"thecrate_portfolio01_390x275":false,"thecrate_blogpost01_1420x170":false,"thecrate_about_600x600":false,"thecrate_testimonials02_250x530":false,"woocommerce_thumbnail":false,"woocommerce_single":false,"woocommerce_gallery_thumbnail":false},"uagb_author_info":{"display_name":"klax_grunt","author_link":"https:\/\/mojgruntek.hr\/sl\/author\/klax_grunt\/"},"uagb_comment_info":0,"uagb_excerpt":"[vc_row full_width=&#8221;stretch_row&#8221; animation_in_type=&#8221;transition.fadeIn&#8221; animation_in_offset=&#8221;90&#8243; animation_in_duration=&#8221;600&#8243; animation_in_delay=&#8221;0&#8243; css=&#8221;.vc_custom_1733080333338{margin-top: 40px !important;margin-right: 0px !important;margin-bottom: 0px !important;margin-left: 0px !important;padding-bottom: 40px !important;background-color: #ffffff !important;}&#8221;][vc_column css=&#8221;.vc_custom_1450339501388{padding-top: 0px !important;}&#8221;][\/vc_column][\/vc_row][vc_row full_width=&#8221;stretch_row&#8221; css=&#8221;.vc_custom_1630616536471{margin-top: 0px !important;margin-bottom: 0px !important;padding-top: 90px !important;padding-bottom: 60px !important;}&#8221;][vc_column][vc_row_inner css=&#8221;.vc_custom_1477162338390{margin-top: 0px !important;margin-bottom: [&hellip;]","_links":{"self":[{"href":"https:\/\/mojgruntek.hr\/sl\/wp-json\/wp\/v2\/pages\/22309","targetHints":{"allow":["GET"]}}],"collection":[{"href":"https:\/\/mojgruntek.hr\/sl\/wp-json\/wp\/v2\/pages"}],"about":[{"href":"https:\/\/mojgruntek.hr\/sl\/wp-json\/wp\/v2\/types\/page"}],"author":[{"embeddable":true,"href":"https:\/\/mojgruntek.hr\/sl\/wp-json\/wp\/v2\/users\/500"}],"replies":[{"embeddable":true,"href":"https:\/\/mojgruntek.hr\/sl\/wp-json\/wp\/v2\/comments?post=22309"}],"version-history":[{"count":4,"href":"https:\/\/mojgruntek.hr\/sl\/wp-json\/wp\/v2\/pages\/22309\/revisions"}],"predecessor-version":[{"id":22634,"href":"https:\/\/mojgruntek.hr\/sl\/wp-json\/wp\/v2\/pages\/22309\/revisions\/22634"}],"wp:attachment":[{"href":"https:\/\/mojgruntek.hr\/sl\/wp-json\/wp\/v2\/media?parent=22309"}],"curies":[{"name":"wp","href":"https:\/\/api.w.org\/{rel}","templated":true}]}}