{"id":22562,"date":"2025-08-11T06:17:59","date_gmt":"2025-08-11T05:17:59","guid":{"rendered":"https:\/\/mojgruntek.hr\/reklamacije-2\/"},"modified":"2026-03-02T17:58:19","modified_gmt":"2026-03-02T16:58:19","slug":"reklamacije-si","status":"publish","type":"page","link":"https:\/\/mojgruntek.hr\/sl\/reklamacije-si\/","title":{"rendered":"Reklamacije"},"content":{"rendered":"<div class=\"wpb-content-wrapper\"><p>[vc_row][vc_column]<div class=\"title-subtile-holder\" style=\" \"><h2 style=\"font-size:70px;\" class=\"section-title dark_title text-center\">Zagotovljena kakovost - <strong>reklamacija<\/strong><\/h2><div style=\"font-size:30px;  \" class=\"section-subtitle dark_subtitle text-center\">V\u010dasih se zgodi tudi to,<br \/>\nzaboj\u010dek, ki ni popoln.<\/div><\/div>[vc_column_text css_animation=&#8221;flipInX&#8221; css=&#8221;&#8221;]<\/p>\n<h3 style=\"text-align: center;\">Izpolni obrazec in nadomestni zaboj\u010dek je \u017ee na poti \u2013 pri tebi je v 48 urah.<\/h3>\n<h3 style=\"text-align: center;\">Brez vpra\u0161anj, brez razprave. Le javiti mora\u0161 \u0161e isti dan. <\/h3>\n<h3 style=\"text-align: center;\">Pa zaboj\u010dek, ki si ga \u017ee dobil? Kar porabi ga \u2013 pri nas hrane ne me\u010demo stran! <\/h3>\n<p>[\/vc_column_text][vc_empty_space height=&#8221;20px&#8221;][vc_separator css_animation=&#8221;none&#8221; css=&#8221;&#8221;][vc_empty_space height=&#8221;20px&#8221;][\/vc_column][\/vc_row][vc_row][vc_column][\/vc_column][\/vc_row][vc_row][vc_column width=&#8221;1\/3&#8243;][\/vc_column][vc_column width=&#8221;1\/3&#8243;]\n<div class=\"wpcf7 no-js\" id=\"wpcf7-f22548-o1\" lang=\"sl-SI\" dir=\"ltr\" data-wpcf7-id=\"22548\">\n<div class=\"screen-reader-response\"><p role=\"status\" aria-live=\"polite\" aria-atomic=\"true\"><\/p> <ul><\/ul><\/div>\n<form action=\"\/sl\/wp-json\/wp\/v2\/pages\/22562#wpcf7-f22548-o1\" method=\"post\" class=\"wpcf7-form init\" aria-label=\"Contact form\" enctype=\"multipart\/form-data\" novalidate=\"novalidate\" data-status=\"init\">\n<fieldset class=\"hidden-fields-container\"><input type=\"hidden\" name=\"_wpcf7\" value=\"22548\" \/><input type=\"hidden\" name=\"_wpcf7_version\" value=\"6.1.4\" \/><input type=\"hidden\" name=\"_wpcf7_locale\" value=\"sl_SI\" \/><input type=\"hidden\" name=\"_wpcf7_unit_tag\" value=\"wpcf7-f22548-o1\" \/><input type=\"hidden\" name=\"_wpcf7_container_post\" value=\"0\" \/><input type=\"hidden\" name=\"_wpcf7_posted_data_hash\" value=\"\" \/>\n<\/fieldset>\n<p><label> E-mail uporabnika<br \/>\n<span class=\"wpcf7-form-control-wrap\" data-name=\"your-email\"><input size=\"40\" maxlength=\"400\" class=\"wpcf7-form-control wpcf7-email wpcf7-validates-as-required wpcf7-text wpcf7-validates-as-email\" autocomplete=\"email\" aria-required=\"true\" aria-invalid=\"false\" value=\"\" type=\"email\" name=\"your-email\" \/><\/span><br \/>\n<\/label>\n<\/p>\n<p><label> Va\u0161e sporo\u010dilo<br \/>\n<span class=\"wpcf7-form-control-wrap\" data-name=\"your-message\"><textarea cols=\"40\" rows=\"10\" maxlength=\"500\" minlength=\"3\" class=\"wpcf7-form-control wpcf7-textarea wpcf7-validates-as-required\" aria-required=\"true\" aria-invalid=\"false\" name=\"your-message\"><\/textarea><\/span><br \/>\n<\/label>\n<\/p>\n<p><span class=\"wpcf7-form-control-wrap\" data-name=\"Ucitaj_sliku\"><input size=\"40\" class=\"wpcf7-form-control wpcf7-file wpcf7-validates-as-required\" accept=\".jpg,.png\" aria-required=\"true\" aria-invalid=\"false\" type=\"file\" name=\"Ucitaj_sliku\" \/><\/span>\n<\/p>\n<div class=\"cf7-submit-center\">\n\t<p><input class=\"wpcf7-form-control wpcf7-submit has-spinner cf7-btn\" type=\"submit\" value=\"Po\u0161lji\" \/>\n\t<\/p>\n<\/div><div class=\"wpcf7-response-output\" aria-hidden=\"true\"><\/div>\n<\/form>\n<\/div>\n[\/vc_column][vc_column width=&#8221;1\/3&#8243;][\/vc_column][\/vc_row]<\/p>\n<\/div>","protected":false},"excerpt":{"rendered":"<p>[vc_row][vc_column][vc_column_text css_animation=&#8221;flipInX&#8221; css=&#8221;&#8221;] Izpolni obrazec in nadomestni zaboj\u010dek je \u017ee na poti \u2013 pri tebi je v 48 urah. Brez vpra\u0161anj, brez razprave. Le javiti mora\u0161 \u0161e isti dan. Pa zaboj\u010dek, ki si ga \u017ee [&hellip;]<\/p>\n","protected":false},"author":5,"featured_media":0,"parent":0,"menu_order":0,"comment_status":"closed","ping_status":"closed","template":"","meta":{"_uag_custom_page_level_css":"","footnotes":""},"class_list":["post-22562","page","type-page","status-publish","hentry"],"uagb_featured_image_src":{"full":false,"thumbnail":false,"medium":false,"medium_large":false,"large":false,"tf-client-image-size":false,"1536x1536":false,"2048x2048":false,"thecrate_related_post_pic700x400":false,"thecrate_post_pic700x450":false,"thecrate_post_widget_pic70x70":false,"thecrate_530x600":false,"thecrate_1300x650":false,"thecrate_1420x140":false,"thecrate_testimonials_150x150":false,"thecrate_clients_160x90":false,"thecrate_portfolio01_390x275":false,"thecrate_blogpost01_1420x170":false,"thecrate_about_600x600":false,"thecrate_testimonials02_250x530":false,"woocommerce_thumbnail":false,"woocommerce_single":false,"woocommerce_gallery_thumbnail":false},"uagb_author_info":{"display_name":"Gruntino Gruntek","author_link":"https:\/\/mojgruntek.hr\/sl\/author\/gruntino\/"},"uagb_comment_info":0,"uagb_excerpt":"[vc_row][vc_column][vc_column_text css_animation=&#8221;flipInX&#8221; css=&#8221;&#8221;] Izpolni obrazec in nadomestni zaboj\u010dek je \u017ee na poti \u2013 pri tebi je v 48 urah. Brez vpra\u0161anj, brez razprave. Le javiti mora\u0161 \u0161e isti dan. Pa zaboj\u010dek, ki si ga \u017ee [&hellip;]","_links":{"self":[{"href":"https:\/\/mojgruntek.hr\/sl\/wp-json\/wp\/v2\/pages\/22562","targetHints":{"allow":["GET"]}}],"collection":[{"href":"https:\/\/mojgruntek.hr\/sl\/wp-json\/wp\/v2\/pages"}],"about":[{"href":"https:\/\/mojgruntek.hr\/sl\/wp-json\/wp\/v2\/types\/page"}],"author":[{"embeddable":true,"href":"https:\/\/mojgruntek.hr\/sl\/wp-json\/wp\/v2\/users\/5"}],"replies":[{"embeddable":true,"href":"https:\/\/mojgruntek.hr\/sl\/wp-json\/wp\/v2\/comments?post=22562"}],"version-history":[{"count":6,"href":"https:\/\/mojgruntek.hr\/sl\/wp-json\/wp\/v2\/pages\/22562\/revisions"}],"predecessor-version":[{"id":22632,"href":"https:\/\/mojgruntek.hr\/sl\/wp-json\/wp\/v2\/pages\/22562\/revisions\/22632"}],"wp:attachment":[{"href":"https:\/\/mojgruntek.hr\/sl\/wp-json\/wp\/v2\/media?parent=22562"}],"curies":[{"name":"wp","href":"https:\/\/api.w.org\/{rel}","templated":true}]}}