{"id":22032,"date":"2024-12-19T18:45:29","date_gmt":"2024-12-19T17:45:29","guid":{"rendered":"https:\/\/mojgruntek.hr\/?post_type=product&#038;p=22032"},"modified":"2026-02-25T16:16:04","modified_gmt":"2026-02-25T15:16:04","slug":"gruntek-narocniski-paketi","status":"publish","type":"product","link":"https:\/\/mojgruntek.hr\/sl\/izdelek\/gruntek-narocniski-paketi\/","title":{"rendered":"Gruntek naro\u010dni\u0161ki paketi"},"content":{"rendered":"<div class=\"wpb-content-wrapper\"><p>[vc_row][vc_column][vc_column_text css=&#8221;&#8221;]<\/p>\n<h3 data-start=\"0\" data-end=\"52\"><strong data-start=\"0\" data-end=\"50\">Gruntek naro\u010dnina \u2013 kot da bi imel svoj vrt<\/strong><\/h3>\n<ul data-start=\"173\" data-end=\"392\">\n<li data-start=\"173\" data-end=\"228\">\n<p data-start=\"175\" data-end=\"228\"><strong data-start=\"175\" data-end=\"183\">Mini <\/strong>\u2013 idealen za posameznike ali manj\u0161e dru\u017eine, hkrati pa dovolj za va\u0161e tedenske potrebe.<\/p>\n<\/li>\n<li data-start=\"229\" data-end=\"299\">\n<p data-start=\"231\" data-end=\"299\"><strong data-start=\"231\" data-end=\"239\">Maxi<\/strong> \u2013 za ve\u010dje dru\u017eine in ljubitelje sve\u017eih \u017eivil, ki v svojo prehrano radi vklju\u010dujejo veliko zelenjave.<\/p>\n<\/li>\n<li data-start=\"300\" data-end=\"392\">\n<p data-start=\"302\" data-end=\"392\"><strong data-start=\"302\" data-end=\"312\">Select<\/strong> \u2013 za izbir\u010dne: izberi najmanj 5 kultur po svom okusu in izlo\u010di tiste, ki jih ne mara\u0161.<\/p>\n<\/li>\n<\/ul>\n<p data-start=\"394\" data-end=\"516\">S sklenitvijo naro\u010dnine na enega izmed Gruntek paketov podpira\u0161 <strong data-start=\"453\" data-end=\"478\"><b>lokalno trajnostno kmetijstvo<\/b><\/strong> \u2013 z manj izpustov CO\u2082, brez zastrupljanja tal in voda ter brez embala\u017ee iz plastike za enkratno uporabo .<\/p>\n<p data-start=\"518\" data-end=\"534\"><strong data-start=\"518\" data-end=\"532\">Prednosti:<\/strong><\/p>\n<ul data-start=\"535\" data-end=\"739\">\n<li data-start=\"535\" data-end=\"603\">\n<p data-start=\"537\" data-end=\"603\">Sve\u017ee, naravno pridelano sadje in zelenjava \u2013 brez pesticidov in GSO.<\/p>\n<\/li>\n<li data-start=\"604\" data-end=\"669\">\n<p data-start=\"606\" data-end=\"669\">Vsaj 20 dostav neposredno na tvoj prag ali na izbrane dostavne to\u010dke.<\/p>\n<\/li>\n<li data-start=\"670\" data-end=\"739\">\n<p data-start=\"672\" data-end=\"739\">Neomejen dostop do Gruntek vrta za osebno obiranje \u2013 nepozabno do\u017eivetje za otroke in odrasle.<\/p>\n<\/li>\n<\/ul>\n<p data-start=\"741\" data-end=\"804\" data-is-last-node=\"\" data-is-only-node=\"\"><strong data-start=\"741\" data-end=\"804\" data-is-last-node=\"\">Gruntek \u2013 majhni koraki za velike spremembe. <\/strong><\/p>\n<p data-start=\"741\" data-end=\"804\" data-is-last-node=\"\" data-is-only-node=\"\">Gruntek naro\u010dnina se sklene za nedolo\u010den \u010das, z vezavo za prvih 12 mesecev. V naro\u010dnino sta vklju\u010dena neomejen dostop do vrta Gruntek za osebne obiske in najmanj 20 brezpla\u010dnih dostav na dostavnih obmo\u010djih. V letu 2025 je bilo od aprila do decembra dostavljenih kar 25 zaboj\u010dkov, na izbiro pa je bilo kar 40 razli\u010dnih vrtnin. Paketa Mini in Maxi vsebujeta me\u0161anico sezonske zelenjave z vrta Gruntek, medtem ko paket Select uporabniku omogo\u010da izbiro zelenjave po lastnem okusu.<\/p>\n<p>[\/vc_column_text][\/vc_column][\/vc_row][vc_row][vc_column][\/vc_column][\/vc_row][vc_row][vc_column][vc_empty_space][\/vc_column][\/vc_row]<\/p>\n<\/div>","protected":false},"excerpt":{"rendered":"<p><strong>Gruntek naro\u010dnina <\/strong>ti ponuja vse prednosti lastnega vrta, brez kakr\u0161negakoli truda. Na voljo so trije paket: Mini, Maxi in Select.<\/p>\n<ul>\n<li><strong>Mini paket<\/strong> je idealen za posameznike ali manj\u0161e dru\u017eine in nudi osnovne koli\u010dine sezonskih pridelkov.<\/li>\n<li><strong>Maxi paket <\/strong>je zasnovan za ve\u010dje dru\u017eine ali za tiste, ki si v svoji prehrani \u017eelijo \u0161e ve\u010d sve\u017ee zelenjave.<\/li>\n<li><strong>Paket Select<\/strong> ti zagotavlja ve\u010d fleksibilnosti, saj lahko izbere\u0161 vrtnine, ki jih ne mara\u0161 in jih ne \u017eeli\u0161 v svojem zaboj\u010dku.<\/li>\n<\/ul>\n<p>Vsak Gruntek zaboj\u010dek je preprost za naro\u010danje in in \u0161e isti dan prispe naravnost pred tvoja vrata, zato lahko vedno u\u017eiva\u0161 v kakovostnih in sve\u017eih pridelkih.<\/p>\n","protected":false},"featured_media":22043,"template":"","meta":{"_uag_custom_page_level_css":""},"product_brand":[],"product_cat":[95],"product_tag":[],"class_list":{"0":"post-22032","1":"product","2":"type-product","3":"status-publish","4":"has-post-thumbnail","6":"product_cat-uncategorized","8":"first","9":"instock","10":"taxable","11":"shipping-taxable","12":"purchasable","13":"product-type-variable-subscription"},"uagb_featured_image_src":{"full":["https:\/\/mojgruntek.hr\/wp-content\/uploads\/2024\/12\/Mini-1.jpg",1080,1080,false],"thumbnail":["https:\/\/mojgruntek.hr\/wp-content\/uploads\/2024\/12\/Mini-1-150x150.jpg",150,150,true],"medium":["https:\/\/mojgruntek.hr\/wp-content\/uploads\/2024\/12\/Mini-1-300x300.jpg",300,300,true],"medium_large":["https:\/\/mojgruntek.hr\/wp-content\/uploads\/2024\/12\/Mini-1-768x768.jpg",640,640,true],"large":["https:\/\/mojgruntek.hr\/wp-content\/uploads\/2024\/12\/Mini-1-1024x1024.jpg",640,640,true],"tf-client-image-size":["https:\/\/mojgruntek.hr\/wp-content\/uploads\/2024\/12\/Mini-1-120x120.jpg",120,120,true],"1536x1536":["https:\/\/mojgruntek.hr\/wp-content\/uploads\/2024\/12\/Mini-1.jpg",1080,1080,false],"2048x2048":["https:\/\/mojgruntek.hr\/wp-content\/uploads\/2024\/12\/Mini-1.jpg",1080,1080,false],"thecrate_related_post_pic700x400":["https:\/\/mojgruntek.hr\/wp-content\/uploads\/2024\/12\/Mini-1-700x400.jpg",700,400,true],"thecrate_post_pic700x450":["https:\/\/mojgruntek.hr\/wp-content\/uploads\/2024\/12\/Mini-1-700x450.jpg",700,450,true],"thecrate_post_widget_pic70x70":["https:\/\/mojgruntek.hr\/wp-content\/uploads\/2024\/12\/Mini-1-70x70.jpg",70,70,true],"thecrate_530x600":["https:\/\/mojgruntek.hr\/wp-content\/uploads\/2024\/12\/Mini-1-530x600.jpg",530,600,true],"thecrate_1300x650":["https:\/\/mojgruntek.hr\/wp-content\/uploads\/2024\/12\/Mini-1-1080x650.jpg",1080,650,true],"thecrate_1420x140":["https:\/\/mojgruntek.hr\/wp-content\/uploads\/2024\/12\/Mini-1-1080x140.jpg",1080,140,true],"thecrate_testimonials_150x150":["https:\/\/mojgruntek.hr\/wp-content\/uploads\/2024\/12\/Mini-1-150x150.jpg",150,150,true],"thecrate_clients_160x90":["https:\/\/mojgruntek.hr\/wp-content\/uploads\/2024\/12\/Mini-1-160x90.jpg",160,90,true],"thecrate_portfolio01_390x275":["https:\/\/mojgruntek.hr\/wp-content\/uploads\/2024\/12\/Mini-1-390x275.jpg",390,275,true],"thecrate_blogpost01_1420x170":["https:\/\/mojgruntek.hr\/wp-content\/uploads\/2024\/12\/Mini-1-1080x170.jpg",1080,170,true],"thecrate_about_600x600":["https:\/\/mojgruntek.hr\/wp-content\/uploads\/2024\/12\/Mini-1-600x600.jpg",600,600,true],"thecrate_testimonials02_250x530":["https:\/\/mojgruntek.hr\/wp-content\/uploads\/2024\/12\/Mini-1-250x300.jpg",250,300,true],"woocommerce_thumbnail":["https:\/\/mojgruntek.hr\/wp-content\/uploads\/2024\/12\/Mini-1-300x300.jpg",300,300,true],"woocommerce_single":["https:\/\/mojgruntek.hr\/wp-content\/uploads\/2024\/12\/Mini-1-600x600.jpg",600,600,true],"woocommerce_gallery_thumbnail":["https:\/\/mojgruntek.hr\/wp-content\/uploads\/2024\/12\/Mini-1-100x100.jpg",100,100,true]},"uagb_author_info":{"display_name":"klax_grunt","author_link":"https:\/\/mojgruntek.hr\/sl\/author\/"},"uagb_comment_info":0,"uagb_excerpt":"Gruntek naro\u010dnina ti ponuja vse prednosti lastnega vrta, brez kakr\u0161negakoli truda. Na voljo so trije paket: Mini, Maxi in Select. Mini paket je idealen za posameznike ali manj\u0161e dru\u017eine in nudi osnovne koli\u010dine sezonskih pridelkov. Maxi paket je zasnovan za ve\u010dje dru\u017eine ali za tiste, ki si v svoji prehrani \u017eelijo \u0161e ve\u010d sve\u017ee zelenjave.&hellip;","_links":{"self":[{"href":"https:\/\/mojgruntek.hr\/sl\/wp-json\/wp\/v2\/product\/22032","targetHints":{"allow":["GET"]}}],"collection":[{"href":"https:\/\/mojgruntek.hr\/sl\/wp-json\/wp\/v2\/product"}],"about":[{"href":"https:\/\/mojgruntek.hr\/sl\/wp-json\/wp\/v2\/types\/product"}],"wp:featuredmedia":[{"embeddable":true,"href":"https:\/\/mojgruntek.hr\/sl\/wp-json\/wp\/v2\/media\/22043"}],"wp:attachment":[{"href":"https:\/\/mojgruntek.hr\/sl\/wp-json\/wp\/v2\/media?parent=22032"}],"wp:term":[{"taxonomy":"product_brand","embeddable":true,"href":"https:\/\/mojgruntek.hr\/sl\/wp-json\/wp\/v2\/product_brand?post=22032"},{"taxonomy":"product_cat","embeddable":true,"href":"https:\/\/mojgruntek.hr\/sl\/wp-json\/wp\/v2\/product_cat?post=22032"},{"taxonomy":"product_tag","embeddable":true,"href":"https:\/\/mojgruntek.hr\/sl\/wp-json\/wp\/v2\/product_tag?post=22032"}],"curies":[{"name":"wp","href":"https:\/\/api.w.org\/{rel}","templated":true}]}}